{"id":8856,"date":"2023-10-17T11:19:59","date_gmt":"2023-10-17T09:19:59","guid":{"rendered":"https:\/\/www.labc.de\/carriere\/"},"modified":"2024-11-14T11:48:14","modified_gmt":"2024-11-14T10:48:14","slug":"carriere","status":"publish","type":"page","link":"https:\/\/www.labc.de\/fr\/carriere\/","title":{"rendered":"Carri\u00e8re"},"content":{"rendered":"\t\t<div data-elementor-type=\"wp-page\" data-elementor-id=\"8856\" class=\"elementor elementor-8856 elementor-6943\" data-elementor-post-type=\"page\">\n\t\t\t\t<div class=\"elementor-element elementor-element-24bf484 e-con-full e-flex e-con e-parent\" data-id=\"24bf484\" data-element_type=\"container\" data-e-type=\"container\">\n\t\t<div class=\"elementor-element elementor-element-138b82b e-flex e-con-boxed e-con e-child\" data-id=\"138b82b\" data-element_type=\"container\" data-e-type=\"container\">\n\t\t\t\t\t<div class=\"e-con-inner\">\n\t\t\t\t<div class=\"elementor-element elementor-element-2e753d3 elementor-widget elementor-widget-heading\" data-id=\"2e753d3\" data-element_type=\"widget\" data-e-type=\"widget\" data-widget_type=\"heading.default\">\n\t\t\t\t<div class=\"elementor-widget-container\">\n\t\t\t\t\t<h2 class=\"elementor-heading-title elementor-size-default\">Travailler chez LABC-Labortechnik<\/h2>\t\t\t\t<\/div>\n\t\t\t\t<\/div>\n\t\t\t\t<div class=\"elementor-element elementor-element-4adccc3 elementor-widget elementor-widget-text-editor\" data-id=\"4adccc3\" data-element_type=\"widget\" data-e-type=\"widget\" data-widget_type=\"text-editor.default\">\n\t\t\t\t<div class=\"elementor-widget-container\">\n\t\t\t\t\t\t\t\t\t<p>La soci\u00e9t\u00e9 LABC-Labortechnik Zillger KG a \u00e9t\u00e9 fond\u00e9e en 1988 par les associ\u00e9s de l&#8217;\u00e9poque en tant que commerce de laboratoire classique. Parall\u00e8lement, elle a d\u00e9velopp\u00e9 ses propres produits en fonction des souhaits des clients et des exigences du march\u00e9. Tr\u00e8s t\u00f4t, il s&#8217;est av\u00e9r\u00e9 que l&#8217;entreprise pouvait s&#8217;imposer sur le march\u00e9 avant tout gr\u00e2ce \u00e0 son service client\u00e8le tr\u00e8s d\u00e9velopp\u00e9. En 2016, le d\u00e9veloppement et la distribution des produits propres ont \u00e9t\u00e9 externalis\u00e9s dans la soci\u00e9t\u00e9 LABC-Labortechnik GmbH nouvellement cr\u00e9\u00e9e. Les deux soci\u00e9t\u00e9s sont certifi\u00e9es DIN EN ISO 9001:2015.<\/p>\n<p>LABC-Labortechnik est une entreprise familiale ind\u00e9pendante de tout groupe. Gr\u00e2ce \u00e0 un d\u00e9veloppement constant et \u00e0 des relations ouvertes et loyales avec nos clients, nos fournisseurs et nos collaborateurs, nous ouvrons une voie s\u00fbre et comp\u00e9titive vers l&#8217;avenir. Gr\u00e2ce \u00e0 des partenariats durables et constants, nous offrons une s\u00e9curit\u00e9 \u00e0 nos collaborateurs et \u00e0 leurs familles. Nous sommes conscients de notre responsabilit\u00e9 sociale et accordons une grande importance \u00e0 la conception durable de notre entreprise.<\/p>\n\t\t\t\t\t\t\t\t<\/div>\n\t\t\t\t<\/div>\n\t\t\t\t\t<\/div>\n\t\t\t\t<\/div>\n\t\t<div class=\"elementor-element elementor-element-deab1ca e-flex e-con-boxed e-con e-child\" data-id=\"deab1ca\" data-element_type=\"container\" data-e-type=\"container\">\n\t\t\t\t\t<div class=\"e-con-inner\">\n\t\t\t\t<div class=\"elementor-element elementor-element-d92c79d elementor-widget elementor-widget-heading\" data-id=\"d92c79d\" data-element_type=\"widget\" data-e-type=\"widget\" data-widget_type=\"heading.default\">\n\t\t\t\t<div class=\"elementor-widget-container\">\n\t\t\t\t\t<h3 class=\"elementor-heading-title elementor-size-default\">Distributeur<\/h3>\t\t\t\t<\/div>\n\t\t\t\t<\/div>\n\t\t\t\t<div class=\"elementor-element elementor-element-68b6c2e elementor-widget elementor-widget-text-editor\" data-id=\"68b6c2e\" data-element_type=\"widget\" data-e-type=\"widget\" data-widget_type=\"text-editor.default\">\n\t\t\t\t<div class=\"elementor-widget-container\">\n\t\t\t\t\t\t\t\t\t<p>Nous sommes toujours \u00e0 la recherche de partenariats pour \u00e9largir notre r\u00e9seau international. N&#8217;h\u00e9sitez pas \u00e0 nous <a href=\"https:\/\/www.labc.de\/fr\/demande\/\">contacter<\/a> <\/p>\n\t\t\t\t\t\t\t\t<\/div>\n\t\t\t\t<\/div>\n\t\t\t\t\t<\/div>\n\t\t\t\t<\/div>\n\t\t<div class=\"elementor-element elementor-element-4aaa6ff e-flex e-con-boxed e-con e-child\" data-id=\"4aaa6ff\" data-element_type=\"container\" data-e-type=\"container\">\n\t\t\t\t\t<div class=\"e-con-inner\">\n\t\t\t\t<div class=\"elementor-element elementor-element-612d27f elementor-position-top elementor-widget elementor-widget-image-box\" data-id=\"612d27f\" data-element_type=\"widget\" data-e-type=\"widget\" data-widget_type=\"image-box.default\">\n\t\t\t\t<div class=\"elementor-widget-container\">\n\t\t\t\t\t<div class=\"elementor-image-box-wrapper\"><figure class=\"elementor-image-box-img\"><a href=\"https:\/\/www.labc.de\/wp-content\/uploads\/2023\/10\/Stellenanzeige_Produktion_16102023.pdf\" target=\"_blank\" rel=\"nofollow\" tabindex=\"-1\"><img fetchpriority=\"high\" decoding=\"async\" width=\"300\" height=\"300\" src=\"https:\/\/www.labc.de\/wp-content\/uploads\/2023\/10\/Kachel_aushilfe_produktion-300x300.png\" class=\"attachment-medium size-medium wp-image-6956\" alt=\"Kachel_aushilfe_produktion\" srcset=\"https:\/\/www.labc.de\/wp-content\/uploads\/2023\/10\/Kachel_aushilfe_produktion-300x300.png 300w, https:\/\/www.labc.de\/wp-content\/uploads\/2023\/10\/Kachel_aushilfe_produktion-150x150.png 150w, https:\/\/www.labc.de\/wp-content\/uploads\/2023\/10\/Kachel_aushilfe_produktion.png 567w\" sizes=\"(max-width: 300px) 100vw, 300px\" \/><\/a><\/figure><div class=\"elementor-image-box-content\"><h3 class=\"elementor-image-box-title\"><a href=\"https:\/\/www.labc.de\/wp-content\/uploads\/2023\/10\/Stellenanzeige_Produktion_16102023.pdf\" target=\"_blank\" rel=\"nofollow\">Assistant de production (H\/F)<\/a><\/h3><\/div><\/div>\t\t\t\t<\/div>\n\t\t\t\t<\/div>\n\t\t\t\t\t<\/div>\n\t\t\t\t<\/div>\n\t\t\t\t<\/div>\n\t\t\t\t<\/div>\n\t\t","protected":false},"excerpt":{"rendered":"<p>Travailler chez LABC-Labortechnik La soci\u00e9t\u00e9 LABC-Labortechnik Zillger KG a \u00e9t\u00e9 fond\u00e9e en 1988 par les associ\u00e9s de l&#8217;\u00e9poque en tant que commerce de laboratoire classique. Parall\u00e8lement, elle a d\u00e9velopp\u00e9 ses propres produits en fonction des souhaits des clients et des exigences du march\u00e9. Tr\u00e8s t\u00f4t, il s&#8217;est av\u00e9r\u00e9 que l&#8217;entreprise pouvait s&#8217;imposer sur le march\u00e9 [&hellip;]<\/p>\n","protected":false},"author":3,"featured_media":0,"parent":0,"menu_order":2,"comment_status":"closed","ping_status":"closed","template":"","meta":{"footnotes":""},"class_list":["post-8856","page","type-page","status-publish","hentry"],"_links":{"self":[{"href":"https:\/\/www.labc.de\/fr\/wp-json\/wp\/v2\/pages\/8856","targetHints":{"allow":["GET"]}}],"collection":[{"href":"https:\/\/www.labc.de\/fr\/wp-json\/wp\/v2\/pages"}],"about":[{"href":"https:\/\/www.labc.de\/fr\/wp-json\/wp\/v2\/types\/page"}],"author":[{"embeddable":true,"href":"https:\/\/www.labc.de\/fr\/wp-json\/wp\/v2\/users\/3"}],"replies":[{"embeddable":true,"href":"https:\/\/www.labc.de\/fr\/wp-json\/wp\/v2\/comments?post=8856"}],"version-history":[{"count":4,"href":"https:\/\/www.labc.de\/fr\/wp-json\/wp\/v2\/pages\/8856\/revisions"}],"predecessor-version":[{"id":12244,"href":"https:\/\/www.labc.de\/fr\/wp-json\/wp\/v2\/pages\/8856\/revisions\/12244"}],"wp:attachment":[{"href":"https:\/\/www.labc.de\/fr\/wp-json\/wp\/v2\/media?parent=8856"}],"curies":[{"name":"wp","href":"https:\/\/api.w.org\/{rel}","templated":true}]}}