{"id":8854,"date":"2023-05-22T08:20:08","date_gmt":"2023-05-22T06:20:08","guid":{"rendered":"https:\/\/www.labc.de\/travaux-de-maintenance\/"},"modified":"2024-01-22T11:11:50","modified_gmt":"2024-01-22T10:11:50","slug":"travaux-de-maintenance","status":"publish","type":"page","link":"https:\/\/www.labc.de\/fr\/travaux-de-maintenance\/","title":{"rendered":"Travaux de maintenance"},"content":{"rendered":"\t\t<div data-elementor-type=\"wp-page\" data-elementor-id=\"8854\" class=\"elementor elementor-8854 elementor-83\" data-elementor-post-type=\"page\">\n\t\t\t\t\t\t<section class=\"elementor-section elementor-top-section elementor-element elementor-element-9d30e3a elementor-section-height-full elementor-section-boxed elementor-section-height-default elementor-section-items-middle\" data-id=\"9d30e3a\" data-element_type=\"section\" data-e-type=\"section\">\n\t\t\t\t\t\t<div class=\"elementor-container elementor-column-gap-default\">\n\t\t\t\t\t<div class=\"elementor-column elementor-col-100 elementor-top-column elementor-element elementor-element-acfe613\" data-id=\"acfe613\" data-element_type=\"column\" data-e-type=\"column\">\n\t\t\t<div class=\"elementor-widget-wrap elementor-element-populated\">\n\t\t\t\t\t\t<div class=\"elementor-element elementor-element-d48789b elementor-widget elementor-widget-theme-site-logo elementor-widget-image\" data-id=\"d48789b\" data-element_type=\"widget\" data-e-type=\"widget\" data-widget_type=\"theme-site-logo.default\">\n\t\t\t\t<div class=\"elementor-widget-container\">\n\t\t\t\t\t\t\t\t\t\t\t<a href=\"https:\/\/www.labc.de\/fr\/\">\n\t\t\t<img fetchpriority=\"high\" decoding=\"async\" width=\"321\" height=\"201\" src=\"https:\/\/www.labc.de\/wp-content\/uploads\/2023\/05\/LABC-Logo-1.png\" class=\"attachment-full size-full wp-image-1352\" alt=\"Logo LABC\" srcset=\"https:\/\/www.labc.de\/wp-content\/uploads\/2023\/05\/LABC-Logo-1.png 321w, https:\/\/www.labc.de\/wp-content\/uploads\/2023\/05\/LABC-Logo-1-300x188.png 300w\" sizes=\"(max-width: 321px) 100vw, 321px\" \/>\t\t\t\t<\/a>\n\t\t\t\t\t\t\t\t\t\t\t<\/div>\n\t\t\t\t<\/div>\n\t\t\t\t<div class=\"elementor-element elementor-element-285ea74 elementor-widget elementor-widget-heading\" data-id=\"285ea74\" data-element_type=\"widget\" data-e-type=\"widget\" data-widget_type=\"heading.default\">\n\t\t\t\t<div class=\"elementor-widget-container\">\n\t\t\t\t\t<p class=\"elementor-heading-title elementor-size-default\">Travaux de maintenance<\/p>\t\t\t\t<\/div>\n\t\t\t\t<\/div>\n\t\t\t\t<div class=\"elementor-element elementor-element-b033e70 elementor-widget elementor-widget-heading\" data-id=\"b033e70\" data-element_type=\"widget\" data-e-type=\"widget\" data-widget_type=\"heading.default\">\n\t\t\t\t<div class=\"elementor-widget-container\">\n\t\t\t\t\t<p class=\"elementor-heading-title elementor-size-default\">Notre site web est en train d'\u00eatre mis \u00e0 jour... nous serons bient\u00f4t de retour pour vous.<\/p>\t\t\t\t<\/div>\n\t\t\t\t<\/div>\n\t\t\t\t<div class=\"elementor-element elementor-element-3b7f8e4 elementor-widget elementor-widget-spacer\" data-id=\"3b7f8e4\" data-element_type=\"widget\" data-e-type=\"widget\" data-widget_type=\"spacer.default\">\n\t\t\t\t<div class=\"elementor-widget-container\">\n\t\t\t\t\t\t\t<div class=\"elementor-spacer\">\n\t\t\t<div class=\"elementor-spacer-inner\"><\/div>\n\t\t<\/div>\n\t\t\t\t\t\t<\/div>\n\t\t\t\t<\/div>\n\t\t\t\t\t<\/div>\n\t\t<\/div>\n\t\t\t\t\t<\/div>\n\t\t<\/section>\n\t\t\t\t<\/div>\n\t\t","protected":false},"excerpt":{"rendered":"<p>Travaux de maintenance Notre site web est en train d&#8217;\u00eatre mis \u00e0 jour&#8230; nous serons bient\u00f4t de retour pour vous.<\/p>\n","protected":false},"author":1,"featured_media":0,"parent":0,"menu_order":49,"comment_status":"closed","ping_status":"closed","template":"elementor_canvas","meta":{"footnotes":""},"class_list":["post-8854","page","type-page","status-publish","hentry"],"_links":{"self":[{"href":"https:\/\/www.labc.de\/fr\/wp-json\/wp\/v2\/pages\/8854","targetHints":{"allow":["GET"]}}],"collection":[{"href":"https:\/\/www.labc.de\/fr\/wp-json\/wp\/v2\/pages"}],"about":[{"href":"https:\/\/www.labc.de\/fr\/wp-json\/wp\/v2\/types\/page"}],"author":[{"embeddable":true,"href":"https:\/\/www.labc.de\/fr\/wp-json\/wp\/v2\/users\/1"}],"replies":[{"embeddable":true,"href":"https:\/\/www.labc.de\/fr\/wp-json\/wp\/v2\/comments?post=8854"}],"version-history":[{"count":0,"href":"https:\/\/www.labc.de\/fr\/wp-json\/wp\/v2\/pages\/8854\/revisions"}],"wp:attachment":[{"href":"https:\/\/www.labc.de\/fr\/wp-json\/wp\/v2\/media?parent=8854"}],"curies":[{"name":"wp","href":"https:\/\/api.w.org\/{rel}","templated":true}]}}