{"id":1978,"date":"2020-01-02T00:00:15","date_gmt":"2020-01-01T23:00:15","guid":{"rendered":"https:\/\/www.labc.de\/produits\/migration\/"},"modified":"2025-01-31T11:58:32","modified_gmt":"2025-01-31T10:58:32","slug":"migration","status":"publish","type":"page","link":"https:\/\/www.labc.de\/fr\/produits\/migration\/","title":{"rendered":"Migration"},"content":{"rendered":"\t\t<div data-elementor-type=\"wp-page\" data-elementor-id=\"1978\" class=\"elementor elementor-1978 elementor-916\" data-elementor-post-type=\"page\">\n\t\t\t\t<div class=\"elementor-element elementor-element-26ee8b4 e-flex e-con-boxed e-con e-parent\" data-id=\"26ee8b4\" data-element_type=\"container\" data-e-type=\"container\">\n\t\t\t\t\t<div class=\"e-con-inner\">\n\t\t<div class=\"elementor-element elementor-element-696880e e-con-full e-flex e-con e-child\" data-id=\"696880e\" data-element_type=\"container\" data-e-type=\"container\">\n\t\t\t\t<\/div>\n\t\t<div class=\"elementor-element elementor-element-641a3ed e-con-full e-flex e-con e-child\" data-id=\"641a3ed\" data-element_type=\"container\" data-e-type=\"container\" data-settings=\"{&quot;background_background&quot;:&quot;classic&quot;}\">\n\t\t\t\t<div class=\"elementor-element elementor-element-3d3c043 elementor-widget elementor-widget-heading\" data-id=\"3d3c043\" data-element_type=\"widget\" data-e-type=\"widget\" data-widget_type=\"heading.default\">\n\t\t\t\t<div class=\"elementor-widget-container\">\n\t\t\t\t\t<h2 class=\"elementor-heading-title elementor-size-default\">Migration<\/h2>\t\t\t\t<\/div>\n\t\t\t\t<\/div>\n\t\t\t\t<div class=\"elementor-element elementor-element-49a1c21 elementor-widget elementor-widget-text-editor\" data-id=\"49a1c21\" data-element_type=\"widget\" data-e-type=\"widget\" data-widget_type=\"text-editor.default\">\n\t\t\t\t<div class=\"elementor-widget-container\">\n\t\t\t\t\t\t\t\t\t<p>Les mat\u00e9riaux en contact avec les aliments, tels que les emballages alimentaires, prot\u00e8gent le contenu qu&#8217;ils contiennent. Ils sont accompagn\u00e9s d&#8217;informations, tant pour les consommateurs que pour l&#8217;ensemble de la cha\u00eene d&#8217;approvisionnement jusqu&#8217;au commerce de d\u00e9tail, de gros et international. Les mat\u00e9riaux d&#8217;emballage utilis\u00e9s sont le plastique, le carton\/papier\/carton, l&#8217;aluminium, le fer blanc, le verre et le film composite. Sans un emballage appropri\u00e9, de nombreux aliments ne peuvent pas \u00eatre stock\u00e9s et ne peuvent donc pas \u00eatre commercialis\u00e9s. Dans les rayons des supermarch\u00e9s, les consommateurs voient d&#8217;abord l&#8217;emballage.<\/p>\n<p><span style=\"text-align: var(--text-align); background-color: var( --e-global-color-9bc80ff );\">Le test de migration consiste \u00e0 d\u00e9tecter le transfert de substances contenues dans des mat\u00e9riaux adjacents. La d\u00e9finition de la conformit\u00e9 des mat\u00e9riaux d&#8217;emballage avec la l\u00e9gislation sur les denr\u00e9es alimentaires est la suivante :<\/span><\/p>\n<p>Les mat\u00e9riaux et objets doivent \u00eatre fabriqu\u00e9s de telle mani\u00e8re que, dans les conditions normales et pr\u00e9visibles d&#8217;emploi, leurs constituants ne migrent dans les denr\u00e9es alimentaires qu&#8217;en quantit\u00e9s suffisamment faibles pour ne pas pr\u00e9senter de danger pour la sant\u00e9 et ne pas alt\u00e9rer l&#8217;odeur ou le go\u00fbt des denr\u00e9es alimentaires.<\/p>\n\t\t\t\t\t\t\t\t<\/div>\n\t\t\t\t<\/div>\n\t\t\t\t<\/div>\n\t\t<div class=\"elementor-element elementor-element-f762f53 e-con-full e-flex e-con e-child\" data-id=\"f762f53\" data-element_type=\"container\" data-e-type=\"container\" data-settings=\"{&quot;background_background&quot;:&quot;classic&quot;}\">\n\t\t\t\t<div class=\"elementor-element elementor-element-9e79117 elementor-widget elementor-widget-heading\" data-id=\"9e79117\" data-element_type=\"widget\" data-e-type=\"widget\" data-widget_type=\"heading.default\">\n\t\t\t\t<div class=\"elementor-widget-container\">\n\t\t\t\t\t<h2 class=\"elementor-heading-title elementor-size-default\">Application de nos cellules de migration<\/h2>\t\t\t\t<\/div>\n\t\t\t\t<\/div>\n\t\t\t\t<div class=\"elementor-element elementor-element-fb00542 elementor-widget elementor-widget-text-editor\" data-id=\"fb00542\" data-element_type=\"widget\" data-e-type=\"widget\" data-widget_type=\"text-editor.default\">\n\t\t\t\t<div class=\"elementor-widget-container\">\n\t\t\t\t\t\t\t\t\t<p>Les tests de migration sont r\u00e9alis\u00e9s sous forme d&#8217;exp\u00e9riences de simulation. Celles-ci sont r\u00e9alis\u00e9es au mieux en utilisant des cellules de migration. Il s&#8217;est av\u00e9r\u00e9 utile de ne pas travailler avec des cellules de migration d&#8217;une taille unique donn\u00e9e, mais d&#8217;utiliser des cellules de tailles et de mat\u00e9riaux diff\u00e9rents, adapt\u00e9s au probl\u00e8me.<br \/>L&#8217;avantage d&#8217;une cellule de migration est qu&#8217;il est vraiment possible de reproduire le contact unilat\u00e9ral sans ar\u00eates de coupe ou autres effets.<br \/>\nPour obtenir des r\u00e9sultats comparables, les essais sont r\u00e9alis\u00e9s dans des conditions d&#8217;essai normalis\u00e9es, telles que la dur\u00e9e de l&#8217;essai, la temp\u00e9rature de l&#8217;essai et le milieu d&#8217;essai (simulant alimentaire), qui correspondent aux conditions d&#8217;utilisation les plus d\u00e9favorables et les plus pr\u00e9visibles du mat\u00e9riau ou de l&#8217;objet en plastique.<br \/>La mesure de la migration des substances susceptibles de migrer \u00e0 partir des mat\u00e9riaux d&#8217;emballage n\u00e9cessite un bon savoir-faire analytique et de laboratoire, afin d&#8217;obtenir des donn\u00e9es d&#8217;analyse fiables bas\u00e9es, par exemple, sur la spectrom\u00e9trie GC ou LC \u00e0 haute r\u00e9solution et la spectrom\u00e9trie de masse coupl\u00e9e. <\/p>\n<p>Nos cellules de migration sont \u00e9galement utilis\u00e9es dans le domaine de l&#8217;analyse sensorielle en combinaison avec un kit de test gustatif ou le testeur d&#8217;odeur Scharfenberger.<\/p>\n\t\t\t\t\t\t\t\t<\/div>\n\t\t\t\t<\/div>\n\t\t\t\t<\/div>\n\t\t\t\t\t<\/div>\n\t\t\t\t<\/div>\n\t\t\t\t<\/div>\n\t\t","protected":false},"excerpt":{"rendered":"<p>Migration Les mat\u00e9riaux en contact avec les aliments, tels que les emballages alimentaires, prot\u00e8gent le contenu qu&#8217;ils contiennent. Ils sont accompagn\u00e9s d&#8217;informations, tant pour les consommateurs que pour l&#8217;ensemble de la cha\u00eene d&#8217;approvisionnement jusqu&#8217;au commerce de d\u00e9tail, de gros et international. Les mat\u00e9riaux d&#8217;emballage utilis\u00e9s sont le plastique, le carton\/papier\/carton, l&#8217;aluminium, le fer blanc, le [&hellip;]<\/p>\n","protected":false},"author":1,"featured_media":1728,"parent":1921,"menu_order":35,"comment_status":"closed","ping_status":"closed","template":"","meta":{"footnotes":""},"class_list":["post-1978","page","type-page","status-publish","has-post-thumbnail","hentry"],"_links":{"self":[{"href":"https:\/\/www.labc.de\/fr\/wp-json\/wp\/v2\/pages\/1978","targetHints":{"allow":["GET"]}}],"collection":[{"href":"https:\/\/www.labc.de\/fr\/wp-json\/wp\/v2\/pages"}],"about":[{"href":"https:\/\/www.labc.de\/fr\/wp-json\/wp\/v2\/types\/page"}],"author":[{"embeddable":true,"href":"https:\/\/www.labc.de\/fr\/wp-json\/wp\/v2\/users\/1"}],"replies":[{"embeddable":true,"href":"https:\/\/www.labc.de\/fr\/wp-json\/wp\/v2\/comments?post=1978"}],"version-history":[{"count":4,"href":"https:\/\/www.labc.de\/fr\/wp-json\/wp\/v2\/pages\/1978\/revisions"}],"predecessor-version":[{"id":14194,"href":"https:\/\/www.labc.de\/fr\/wp-json\/wp\/v2\/pages\/1978\/revisions\/14194"}],"up":[{"embeddable":true,"href":"https:\/\/www.labc.de\/fr\/wp-json\/wp\/v2\/pages\/1921"}],"wp:featuredmedia":[{"embeddable":true,"href":"https:\/\/www.labc.de\/fr\/wp-json\/wp\/v2\/media\/1728"}],"wp:attachment":[{"href":"https:\/\/www.labc.de\/fr\/wp-json\/wp\/v2\/media?parent=1978"}],"curies":[{"name":"wp","href":"https:\/\/api.w.org\/{rel}","templated":true}]}}