{"id":1974,"date":"2020-01-01T00:00:42","date_gmt":"2019-12-31T23:00:42","guid":{"rendered":"https:\/\/www.labc.de\/produits\/caps-vials\/"},"modified":"2025-10-06T15:04:40","modified_gmt":"2025-10-06T13:04:40","slug":"caps-vials","status":"publish","type":"page","link":"https:\/\/www.labc.de\/fr\/produits\/caps-vials\/","title":{"rendered":"Caps &amp; Vials"},"content":{"rendered":"\t\t<div data-elementor-type=\"wp-page\" data-elementor-id=\"1974\" class=\"elementor elementor-1974 elementor-914\" data-elementor-post-type=\"page\">\n\t\t\t\t<div class=\"elementor-element elementor-element-dca6328 e-flex e-con-boxed e-con e-parent\" data-id=\"dca6328\" data-element_type=\"container\" data-e-type=\"container\">\n\t\t\t\t\t<div class=\"e-con-inner\">\n\t\t<div class=\"elementor-element elementor-element-dbbf948 e-con-full e-flex e-con e-child\" data-id=\"dbbf948\" data-element_type=\"container\" data-e-type=\"container\">\n\t\t\t\t<\/div>\n\t\t<div class=\"elementor-element elementor-element-20dbe10 e-con-full e-flex e-con e-child\" data-id=\"20dbe10\" data-element_type=\"container\" data-e-type=\"container\" data-settings=\"{&quot;background_background&quot;:&quot;classic&quot;}\">\n\t\t\t\t<div class=\"elementor-element elementor-element-69af4a2 elementor-widget elementor-widget-heading\" data-id=\"69af4a2\" data-element_type=\"widget\" data-e-type=\"widget\" data-widget_type=\"heading.default\">\n\t\t\t\t<div class=\"elementor-widget-container\">\n\t\t\t\t\t<h2 class=\"elementor-heading-title elementor-size-default\">Caps &amp; Vials<\/h2>\t\t\t\t<\/div>\n\t\t\t\t<\/div>\n\t\t\t\t<div class=\"elementor-element elementor-element-103e0d5 elementor-widget elementor-widget-text-editor\" data-id=\"103e0d5\" data-element_type=\"widget\" data-e-type=\"widget\" data-widget_type=\"text-editor.default\">\n\t\t\t\t<div class=\"elementor-widget-container\">\n\t\t\t\t\t\t\t\t\t<p>LABC-Labortechnik distribue une <strong>gamme compl\u00e8te <\/strong>de flacons et de bouchons pour la pr\u00e9paration des \u00e9chantillons, la micro-extraction, le stockage des \u00e9chantillons et la chromatographie. En outre, nous pouvons concevoir et produire des bouteilles ou des bouchons selon les exigences du client. Nous pouvons \u00e9galement proposer tous les flacons et <a href=\"https:\/\/www.labc.de\/fr\/bouteilles-et-bouchons-pre-nettoyes\/\">bouchons nettoy\u00e9s ou affin\u00e9s selon les besoins du client<\/a>.<\/p><p>Des solutions de qualit\u00e9 produites en interne &#8211; Made by LABC &#8211; Made in Germany<\/p><p>Notre <a href=\"\/images\/content\/files\/DE_Broschuere_klein(1).pdf\">brochure actuelle<\/a> et notre <a href=\"http:\/\/www.labc.de\/uebersicht-broschueren-kataloge\">catalogue g\u00e9n\u00e9ral<\/a> vous donneront un aper\u00e7u de notre assortiment. Vous les trouverez dans la <a href=\"http:\/\/www.labc.de\/uebersicht-broschueren-kataloge\">zone de t\u00e9l\u00e9chargement<\/a>.<\/p>\t\t\t\t\t\t\t\t<\/div>\n\t\t\t\t<\/div>\n\t\t\t\t<\/div>\n\t\t\t\t\t<\/div>\n\t\t\t\t<\/div>\n\t\t<div class=\"elementor-element elementor-element-0e4e843 e-flex e-con-boxed e-con e-parent\" data-id=\"0e4e843\" data-element_type=\"container\" data-e-type=\"container\">\n\t\t\t\t\t<div class=\"e-con-inner\">\n\t\t\t\t<div class=\"elementor-element elementor-element-b6fcf69 elementor-widget elementor-widget-shortcode\" data-id=\"b6fcf69\" data-element_type=\"widget\" data-e-type=\"widget\" data-widget_type=\"shortcode.default\">\n\t\t\t\t<div class=\"elementor-widget-container\">\n\t\t\t\t\t\t\t<div class=\"elementor-shortcode\">\t\t<div data-elementor-type=\"container\" data-elementor-id=\"16406\" class=\"elementor elementor-16406 elementor-15076 elementor-15076\" data-elementor-post-type=\"elementor_library\">\n\t\t\t\t<a class=\"elementor-element elementor-element-6bc0fb6 e-flex e-con-boxed e-con e-parent\" data-id=\"6bc0fb6\" data-element_type=\"container\" data-e-type=\"container\" href=\"https:\/\/shop.labc.de\/\" rel=\"noopener\">\n\t\t\t\t\t<div class=\"e-con-inner\">\n\t\t\t\t\t<\/div>\n\t\t\t\t<\/a>\n\t\t\t\t<\/div>\n\t\t<\/div>\n\t\t\t\t\t\t<\/div>\n\t\t\t\t<\/div>\n\t\t\t\t\t<\/div>\n\t\t\t\t<\/div>\n\t\t\t\t<\/div>\n\t\t","protected":false},"excerpt":{"rendered":"<p>Caps &amp; Vials LABC-Labortechnik distribue une gamme compl\u00e8te de flacons et de bouchons pour la pr\u00e9paration des \u00e9chantillons, la micro-extraction, le stockage des \u00e9chantillons et la chromatographie. En outre, nous pouvons concevoir et produire des bouteilles ou des bouchons selon les exigences du client. Nous pouvons \u00e9galement proposer tous les flacons et bouchons nettoy\u00e9s ou [&hellip;]<\/p>\n","protected":false},"author":1,"featured_media":1586,"parent":1921,"menu_order":30,"comment_status":"closed","ping_status":"closed","template":"","meta":{"footnotes":""},"class_list":["post-1974","page","type-page","status-publish","has-post-thumbnail","hentry"],"_links":{"self":[{"href":"https:\/\/www.labc.de\/fr\/wp-json\/wp\/v2\/pages\/1974","targetHints":{"allow":["GET"]}}],"collection":[{"href":"https:\/\/www.labc.de\/fr\/wp-json\/wp\/v2\/pages"}],"about":[{"href":"https:\/\/www.labc.de\/fr\/wp-json\/wp\/v2\/types\/page"}],"author":[{"embeddable":true,"href":"https:\/\/www.labc.de\/fr\/wp-json\/wp\/v2\/users\/1"}],"replies":[{"embeddable":true,"href":"https:\/\/www.labc.de\/fr\/wp-json\/wp\/v2\/comments?post=1974"}],"version-history":[{"count":7,"href":"https:\/\/www.labc.de\/fr\/wp-json\/wp\/v2\/pages\/1974\/revisions"}],"predecessor-version":[{"id":16358,"href":"https:\/\/www.labc.de\/fr\/wp-json\/wp\/v2\/pages\/1974\/revisions\/16358"}],"up":[{"embeddable":true,"href":"https:\/\/www.labc.de\/fr\/wp-json\/wp\/v2\/pages\/1921"}],"wp:featuredmedia":[{"embeddable":true,"href":"https:\/\/www.labc.de\/fr\/wp-json\/wp\/v2\/media\/1586"}],"wp:attachment":[{"href":"https:\/\/www.labc.de\/fr\/wp-json\/wp\/v2\/media?parent=1974"}],"curies":[{"name":"wp","href":"https:\/\/api.w.org\/{rel}","templated":true}]}}