{"id":1966,"date":"2023-05-04T15:41:58","date_gmt":"2023-05-04T13:41:58","guid":{"rendered":"https:\/\/www.labc.de\/impressum\/"},"modified":"2024-01-22T09:47:43","modified_gmt":"2024-01-22T08:47:43","slug":"impressum","status":"publish","type":"page","link":"https:\/\/www.labc.de\/fr\/impressum\/","title":{"rendered":"Mentions l\u00e9gales"},"content":{"rendered":"\t\t<div data-elementor-type=\"wp-page\" data-elementor-id=\"1966\" class=\"elementor elementor-1966 elementor-33\" data-elementor-post-type=\"page\">\n\t\t\t\t\t\t<section class=\"elementor-section elementor-top-section elementor-element elementor-element-45287c3f elementor-section-boxed elementor-section-height-default elementor-section-height-default\" data-id=\"45287c3f\" data-element_type=\"section\" data-e-type=\"section\">\n\t\t\t\t\t\t<div class=\"elementor-container elementor-column-gap-default\">\n\t\t\t\t\t<div class=\"elementor-column elementor-col-100 elementor-top-column elementor-element elementor-element-701318b2\" data-id=\"701318b2\" data-element_type=\"column\" data-e-type=\"column\">\n\t\t\t<div class=\"elementor-widget-wrap elementor-element-populated\">\n\t\t\t\t\t\t<div class=\"elementor-element elementor-element-3ee7d964 elementor-widget elementor-widget-text-editor\" data-id=\"3ee7d964\" data-element_type=\"widget\" data-e-type=\"widget\" data-widget_type=\"text-editor.default\">\n\t\t\t\t<div class=\"elementor-widget-container\">\n\t\t\t\t\t\t\t\t\t\n<p>Informations selon \u00a7 5 TMG<\/p>\n\n<p>Adresse: LABC\u2013Labortechnik GmbH<\/p>\n\n<p>Reisertstra\u00dfe 5<\/p>\n\n<p>53773 Hennef<\/p>\n\n<p>Repr\u00e9sent\u00e9 par : Florian Zillger<\/p>\n\n<p>Courrier \u00e9lectronique : info.gmbh@labc.de<\/p>\n\n<p>T\u00e9l\u00e9phone : +49 2242 96946-0<\/p>\n\n<p>Fax: +49 2242 96946-20<\/p>\n\n<p>Inscription au registre du commerce : HRB 14173, Tribunal d&#8217;instance de Siegburg<\/p>\n\n<p>Num\u00e9ro d&#8217;identification de la taxe sur le chiffre d&#8217;affaires conform\u00e9ment \u00e0 l&#8217;article 27a de la loi relative \u00e0 la taxe sur le chiffre d&#8217;affaires : DE309542478<\/p>\n\t\t\t\t\t\t\t\t<\/div>\n\t\t\t\t<\/div>\n\t\t\t\t\t<\/div>\n\t\t<\/div>\n\t\t\t\t\t<\/div>\n\t\t<\/section>\n\t\t\t\t<\/div>\n\t\t","protected":false},"excerpt":{"rendered":"<p>Informations selon \u00a7 5 TMG Adresse: LABC\u2013Labortechnik GmbH Reisertstra\u00dfe 5 53773 Hennef Repr\u00e9sent\u00e9 par : Florian Zillger Courrier \u00e9lectronique : info.gmbh@labc.de T\u00e9l\u00e9phone : +49 2242 96946-0 Fax: +49 2242 96946-20 Inscription au registre du commerce : HRB 14173, Tribunal d&#8217;instance de Siegburg Num\u00e9ro d&#8217;identification de la taxe sur le chiffre d&#8217;affaires conform\u00e9ment \u00e0 l&#8217;article 27a [&hellip;]<\/p>\n","protected":false},"author":1,"featured_media":0,"parent":0,"menu_order":16,"comment_status":"closed","ping_status":"closed","template":"","meta":{"footnotes":""},"class_list":["post-1966","page","type-page","status-publish","hentry"],"_links":{"self":[{"href":"https:\/\/www.labc.de\/fr\/wp-json\/wp\/v2\/pages\/1966","targetHints":{"allow":["GET"]}}],"collection":[{"href":"https:\/\/www.labc.de\/fr\/wp-json\/wp\/v2\/pages"}],"about":[{"href":"https:\/\/www.labc.de\/fr\/wp-json\/wp\/v2\/types\/page"}],"author":[{"embeddable":true,"href":"https:\/\/www.labc.de\/fr\/wp-json\/wp\/v2\/users\/1"}],"replies":[{"embeddable":true,"href":"https:\/\/www.labc.de\/fr\/wp-json\/wp\/v2\/comments?post=1966"}],"version-history":[{"count":0,"href":"https:\/\/www.labc.de\/fr\/wp-json\/wp\/v2\/pages\/1966\/revisions"}],"wp:attachment":[{"href":"https:\/\/www.labc.de\/fr\/wp-json\/wp\/v2\/media?parent=1966"}],"curies":[{"name":"wp","href":"https:\/\/api.w.org\/{rel}","templated":true}]}}