{"id":1964,"date":"2023-05-04T15:41:05","date_gmt":"2023-05-04T13:41:05","guid":{"rendered":"https:\/\/www.labc.de\/actualites\/"},"modified":"2026-03-20T09:08:05","modified_gmt":"2026-03-20T08:08:05","slug":"actualites","status":"publish","type":"page","link":"https:\/\/www.labc.de\/fr\/actualites\/","title":{"rendered":"Actualit\u00e9s"},"content":{"rendered":"\t\t<div data-elementor-type=\"wp-page\" data-elementor-id=\"1964\" class=\"elementor elementor-1964 elementor-30\" data-elementor-post-type=\"page\">\n\t\t\t\t<div class=\"elementor-element elementor-element-730624e e-con-full e-flex e-con e-parent\" data-id=\"730624e\" data-element_type=\"container\" data-e-type=\"container\" data-settings=\"{&quot;background_background&quot;:&quot;classic&quot;}\">\n\t\t<div class=\"elementor-element elementor-element-29fee2a e-con-full e-flex e-con e-child\" data-id=\"29fee2a\" data-element_type=\"container\" data-e-type=\"container\">\n\t\t\t\t<div class=\"elementor-element elementor-element-5c926d7 elementor-position-top elementor-widget elementor-widget-image-box\" data-id=\"5c926d7\" data-element_type=\"widget\" data-e-type=\"widget\" data-widget_type=\"image-box.default\">\n\t\t\t\t<div class=\"elementor-widget-container\">\n\t\t\t\t\t<div class=\"elementor-image-box-wrapper\"><figure class=\"elementor-image-box-img\"><a href=\"https:\/\/www.labc.de\/fr\/kataloge\/\" tabindex=\"-1\"><img decoding=\"async\" width=\"150\" height=\"150\" src=\"https:\/\/www.labc.de\/wp-content\/uploads\/2023\/08\/Kataloge-150x150.jpg\" class=\"attachment-thumbnail size-thumbnail wp-image-5984\" alt=\"Kataloge LABC\" srcset=\"https:\/\/www.labc.de\/wp-content\/uploads\/2023\/08\/Kataloge-150x150.jpg 150w, https:\/\/www.labc.de\/wp-content\/uploads\/2023\/08\/Kataloge-300x300.jpg 300w, https:\/\/www.labc.de\/wp-content\/uploads\/2023\/08\/Kataloge-1024x1024.jpg 1024w, https:\/\/www.labc.de\/wp-content\/uploads\/2023\/08\/Kataloge-768x768.jpg 768w, https:\/\/www.labc.de\/wp-content\/uploads\/2023\/08\/Kataloge.jpg 1250w\" sizes=\"(max-width: 150px) 100vw, 150px\" \/><\/a><\/figure><div class=\"elementor-image-box-content\"><p class=\"elementor-image-box-description\">Catalogues et brochures<\/p><\/div><\/div>\t\t\t\t<\/div>\n\t\t\t\t<\/div>\n\t\t\t\t<\/div>\n\t\t\t\t<\/div>\n\t\t<div class=\"elementor-element elementor-element-edf0673 e-flex e-con-boxed e-con e-parent\" data-id=\"edf0673\" data-element_type=\"container\" data-e-type=\"container\" data-settings=\"{&quot;background_background&quot;:&quot;classic&quot;}\">\n\t\t\t\t\t<div class=\"e-con-inner\">\n\t\t\t\t<div class=\"elementor-element elementor-element-b42d99a premium-blog-align-left elementor-widget elementor-widget-premium-addon-blog\" data-id=\"b42d99a\" data-element_type=\"widget\" data-e-type=\"widget\" data-settings=\"{&quot;premium_blog_infinite_scroll&quot;:&quot;yes&quot;,&quot;filter_flag&quot;:&quot;cat&quot;,&quot;premium_blog_grid&quot;:&quot;yes&quot;,&quot;premium_blog_layout&quot;:&quot;even&quot;,&quot;premium_blog_columns_number&quot;:&quot;50%&quot;,&quot;premium_blog_columns_number_tablet&quot;:&quot;50%&quot;,&quot;premium_blog_columns_number_mobile&quot;:&quot;100%&quot;,&quot;scroll_to_offset&quot;:&quot;yes&quot;}\" data-widget_type=\"premium-addon-blog.default\">\n\t\t\t\t<div class=\"elementor-widget-container\">\n\t\t\t\t\t\r\n\t\t\t\t\t\t\t<div class=\"premium-blog-filter\">\r\n\t\t\t<ul class=\"premium-blog-filters-container\">\r\n\t\t\t\t\t\t\t\t\t<li>\r\n\t\t\t\t\t\t<a href=\"javascript:;\" class=\"category active\" data-filter=\"*\">\r\n\t\t\t\t\t\t\tAlle\t\t\t\t\t\t<\/a>\r\n\t\t\t\t\t<\/li>\r\n\t\t\t\t\t\t\t\t\t\t\t\t\t\t<li>\r\n\t\t\t\t\t\t\t<a href=\"javascript:;\" class=\"category\" data-filter=\"entwicklungen-fr\">\r\n\t\t\t\t\t\t\t\tD\u00e9veloppements\t\t\t\t\t\t\t<\/a>\r\n\t\t\t\t\t\t<\/li>\r\n\t\t\t\t\t\t\t<\/ul>\r\n\t\t<\/div>\r\n\t\t\t\t\r\n\r\n\t\t\t\t<div class=\"premium-blog-wrap  premium-blog-even\" data-page=\"1964\">\r\n\t\t\t\t\t\t\t\t\t<div class=\"premium-blog-post-outer-container informations-sur-les-produits news-fr\" data-total=\"13\">\r\n\t\t\t<div class=\"premium-blog-post-container premium-blog-skin-classic\">\r\n\t\t\t\t\t\t\t\t\t<div class=\"premium-blog-thumb-effect-wrapper\">\r\n\t\t\t\t\t\t<div class=\"premium-blog-thumbnail-container premium-blog-zoomin-effect\">\r\n\t\t\t\t\t\t\t<img fetchpriority=\"high\" decoding=\"async\" width=\"768\" height=\"768\" src=\"https:\/\/www.labc.de\/wp-content\/uploads\/2026\/03\/Pfas-freie-Vials-768x768.jpg\" class=\"attachment-medium_large size-medium_large wp-image-16949\" alt=\"Pfas-freie-Vials\" srcset=\"https:\/\/www.labc.de\/wp-content\/uploads\/2026\/03\/Pfas-freie-Vials-768x768.jpg 768w, https:\/\/www.labc.de\/wp-content\/uploads\/2026\/03\/Pfas-freie-Vials-300x300.jpg 300w, https:\/\/www.labc.de\/wp-content\/uploads\/2026\/03\/Pfas-freie-Vials-1024x1024.jpg 1024w, https:\/\/www.labc.de\/wp-content\/uploads\/2026\/03\/Pfas-freie-Vials-150x150.jpg 150w, https:\/\/www.labc.de\/wp-content\/uploads\/2026\/03\/Pfas-freie-Vials.jpg 1250w\" sizes=\"(max-width: 768px) 100vw, 768px\" \/>\t\t\t\t\t\t<\/div>\r\n\t\t\t\t\t\t\t\t\t\t\t\t\t<div class=\"premium-blog-thumbnail-overlay\">\r\n\t\t\t\t\t\t\t\t<a class=\"elementor-icon\" href=\"https:\/\/www.labc.de\/fr\/securite-maximale-pour-vos-analyses-de-pfas\/\" target=\"_self\"><\/a>\r\n\t\t\t\t\t\t\t<\/div>\r\n\r\n\t\t\t\t\t\t\t\t\t\t\t\t\t\t\t\t\t\t<\/div>\r\n\t\t\t\t\t\t\t\t\t\t\t\t<div class=\"premium-blog-content-wrapper \">\r\n\r\n\t\t\t\t\t<div class=\"premium-blog-inner-container\">\r\n\r\n\t\t\t\t\t\t\t\t\t\t\t\t\t\t<h2 class=\"premium-blog-entry-title\">\r\n\t\t\t<a href=\"https:\/\/www.labc.de\/fr\/securite-maximale-pour-vos-analyses-de-pfas\/\" target=\"_self\">\r\n\t\t\t\tS\u00e9curit\u00e9 maximale pour vos analyses de PFAS\t\t\t<\/a>\r\n\t\t<\/h2>\r\n\t\t\t\t<div class=\"premium-blog-entry-meta\">\r\n\t\t\t\r\n\t\t\t\r\n\t\t\t\r\n\t\t\t\t\t<\/div>\r\n\t\t\r\n\t\t\t\t\t<\/div>\r\n\r\n\t\t\t\t\t\t\t<div class=\"premium-blog-content-inner-wrapper\">\r\n\t\t<p class=\"premium-blog-post-content\">D\u00e9couvrez la nouvelle gamme de filets courts ND9 LABC Quality PFASfree. La d\u00e9termination pr\u00e9cise des substances alkyles perfluor\u00e9es et polyfluor\u00e9es (PFAS) est \u2026<\/p>\t\t<\/div>\r\n\t\t\t\t\t\t\t\r\n\t\t\t\t<\/div>\r\n\t\t\t<\/div>\r\n\t\t<\/div>\r\n\r\n\t\t\t\t<div class=\"premium-blog-post-outer-container distributeurs news-fr\" data-total=\"13\">\r\n\t\t\t<div class=\"premium-blog-post-container premium-blog-skin-classic\">\r\n\t\t\t\t\t\t\t\t\t<div class=\"premium-blog-thumb-effect-wrapper\">\r\n\t\t\t\t\t\t<div class=\"premium-blog-thumbnail-container premium-blog-zoomin-effect\">\r\n\t\t\t\t\t\t\t<img decoding=\"async\" width=\"300\" height=\"124\" src=\"https:\/\/www.labc.de\/wp-content\/uploads\/2025\/10\/bayramli-group-logo.png\" class=\"attachment-medium_large size-medium_large wp-image-16398\" alt=\"\">\t\t\t\t\t\t<\/div>\r\n\t\t\t\t\t\t\t\t\t\t\t\t\t<div class=\"premium-blog-thumbnail-overlay\">\r\n\t\t\t\t\t\t\t\t<a class=\"elementor-icon\" href=\"https:\/\/www.labc.de\/fr\/bayramli-group-ll-est-desormais-distributeur-en-azerbaidjan\/\" target=\"_self\"><\/a>\r\n\t\t\t\t\t\t\t<\/div>\r\n\r\n\t\t\t\t\t\t\t\t\t\t\t\t\t\t\t\t\t\t<\/div>\r\n\t\t\t\t\t\t\t\t\t\t\t\t<div class=\"premium-blog-content-wrapper \">\r\n\r\n\t\t\t\t\t<div class=\"premium-blog-inner-container\">\r\n\r\n\t\t\t\t\t\t\t\t\t\t\t\t\t\t<h2 class=\"premium-blog-entry-title\">\r\n\t\t\t<a href=\"https:\/\/www.labc.de\/fr\/bayramli-group-ll-est-desormais-distributeur-en-azerbaidjan\/\" target=\"_self\">\r\n\t\t\t\tBayramli Group LL est d\u00e9sormais distributeur en Azerba\u00efdjan\t\t\t<\/a>\r\n\t\t<\/h2>\r\n\t\t\t\t<div class=\"premium-blog-entry-meta\">\r\n\t\t\t\r\n\t\t\t\r\n\t\t\t\r\n\t\t\t\t\t<\/div>\r\n\t\t\r\n\t\t\t\t\t<\/div>\r\n\r\n\t\t\t\t\t\t\t<div class=\"premium-blog-content-inner-wrapper\">\r\n\t\t<p class=\"premium-blog-post-content\">Nous sommes ravis d&#8217;accueillir le groupe Bayramli dans notre r\u00e9seau international en tant que distributeur exclusif pour l&#8217;Azerba\u00efdjan ! Le groupe Bayramli \u2026<\/p>\t\t<\/div>\r\n\t\t\t\t\t\t\t\r\n\t\t\t\t<\/div>\r\n\t\t\t<\/div>\r\n\t\t<\/div>\r\n\r\n\t\t\t\t<div class=\"premium-blog-post-outer-container distributeurs news-fr\" data-total=\"13\">\r\n\t\t\t<div class=\"premium-blog-post-container premium-blog-skin-classic\">\r\n\t\t\t\t\t\t\t\t\t<div class=\"premium-blog-thumb-effect-wrapper\">\r\n\t\t\t\t\t\t<div class=\"premium-blog-thumbnail-container premium-blog-zoomin-effect\">\r\n\t\t\t\t\t\t\t<img loading=\"lazy\" decoding=\"async\" width=\"768\" height=\"768\" src=\"https:\/\/www.labc.de\/wp-content\/uploads\/2025\/05\/Spectrometrics-768x768.jpg\" class=\"attachment-medium_large size-medium_large wp-image-15986\" alt=\"logo Spectrometrics\" srcset=\"https:\/\/www.labc.de\/wp-content\/uploads\/2025\/05\/Spectrometrics-768x768.jpg 768w, https:\/\/www.labc.de\/wp-content\/uploads\/2025\/05\/Spectrometrics-300x300.jpg 300w, https:\/\/www.labc.de\/wp-content\/uploads\/2025\/05\/Spectrometrics-1024x1024.jpg 1024w, https:\/\/www.labc.de\/wp-content\/uploads\/2025\/05\/Spectrometrics-150x150.jpg 150w, https:\/\/www.labc.de\/wp-content\/uploads\/2025\/05\/Spectrometrics.jpg 1250w\" sizes=\"(max-width: 768px) 100vw, 768px\" \/>\t\t\t\t\t\t<\/div>\r\n\t\t\t\t\t\t\t\t\t\t\t\t\t<div class=\"premium-blog-thumbnail-overlay\">\r\n\t\t\t\t\t\t\t\t<a class=\"elementor-icon\" href=\"https:\/\/www.labc.de\/fr\/labc-labortechnik-goes-uk\/\" target=\"_self\"><\/a>\r\n\t\t\t\t\t\t\t<\/div>\r\n\r\n\t\t\t\t\t\t\t\t\t\t\t\t\t\t\t\t\t\t<\/div>\r\n\t\t\t\t\t\t\t\t\t\t\t\t<div class=\"premium-blog-content-wrapper \">\r\n\r\n\t\t\t\t\t<div class=\"premium-blog-inner-container\">\r\n\r\n\t\t\t\t\t\t\t\t\t\t\t\t\t\t<h2 class=\"premium-blog-entry-title\">\r\n\t\t\t<a href=\"https:\/\/www.labc.de\/fr\/labc-labortechnik-goes-uk\/\" target=\"_self\">\r\n\t\t\t\tLABC-Labortechnik goes UK!\t\t\t<\/a>\r\n\t\t<\/h2>\r\n\t\t\t\t<div class=\"premium-blog-entry-meta\">\r\n\t\t\t\r\n\t\t\t\r\n\t\t\t\r\n\t\t\t\t\t<\/div>\r\n\t\t\r\n\t\t\t\t\t<\/div>\r\n\r\n\t\t\t\t\t\t\t<div class=\"premium-blog-content-inner-wrapper\">\r\n\t\t<p class=\"premium-blog-post-content\">Nous sommes tr\u00e8s heureux d&#8217;accueillir Spectrometrics dans notre r\u00e9seau international en tant que distributeur exclusif pour le Royaume-Uni! Gr\u00e2ce \u00e0 ce partenariat, \u2026<\/p>\t\t<\/div>\r\n\t\t\t\t\t\t\t\r\n\t\t\t\t<\/div>\r\n\t\t\t<\/div>\r\n\t\t<\/div>\r\n\r\n\t\t\t\t<div class=\"premium-blog-post-outer-container distributeurs news-fr\" data-total=\"13\">\r\n\t\t\t<div class=\"premium-blog-post-container premium-blog-skin-classic\">\r\n\t\t\t\t\t\t\t\t\t<div class=\"premium-blog-thumb-effect-wrapper\">\r\n\t\t\t\t\t\t<div class=\"premium-blog-thumbnail-container premium-blog-zoomin-effect\">\r\n\t\t\t\t\t\t\t<img loading=\"lazy\" decoding=\"async\" width=\"768\" height=\"208\" src=\"https:\/\/www.labc.de\/wp-content\/uploads\/2025\/05\/Logo-Teknokroma_2017_NP-768x208.jpg\" class=\"attachment-medium_large size-medium_large wp-image-15882\" alt=\"Teknokroma Anal\u00edtica S.A.\" srcset=\"https:\/\/www.labc.de\/wp-content\/uploads\/2025\/05\/Logo-Teknokroma_2017_NP-768x208.jpg 768w, https:\/\/www.labc.de\/wp-content\/uploads\/2025\/05\/Logo-Teknokroma_2017_NP-300x81.jpg 300w, https:\/\/www.labc.de\/wp-content\/uploads\/2025\/05\/Logo-Teknokroma_2017_NP-1024x277.jpg 1024w, https:\/\/www.labc.de\/wp-content\/uploads\/2025\/05\/Logo-Teknokroma_2017_NP-1536x416.jpg 1536w, https:\/\/www.labc.de\/wp-content\/uploads\/2025\/05\/Logo-Teknokroma_2017_NP.jpg 1730w\" sizes=\"(max-width: 768px) 100vw, 768px\" \/>\t\t\t\t\t\t<\/div>\r\n\t\t\t\t\t\t\t\t\t\t\t\t\t<div class=\"premium-blog-thumbnail-overlay\">\r\n\t\t\t\t\t\t\t\t<a class=\"elementor-icon\" href=\"https:\/\/www.labc.de\/fr\/teknokroma-analitica-s-a-devient-distributeur-espagnol\/\" target=\"_self\"><\/a>\r\n\t\t\t\t\t\t\t<\/div>\r\n\r\n\t\t\t\t\t\t\t\t\t\t\t\t\t\t\t\t\t\t<\/div>\r\n\t\t\t\t\t\t\t\t\t\t\t\t<div class=\"premium-blog-content-wrapper \">\r\n\r\n\t\t\t\t\t<div class=\"premium-blog-inner-container\">\r\n\r\n\t\t\t\t\t\t\t\t\t\t\t\t\t\t<h2 class=\"premium-blog-entry-title\">\r\n\t\t\t<a href=\"https:\/\/www.labc.de\/fr\/teknokroma-analitica-s-a-devient-distributeur-espagnol\/\" target=\"_self\">\r\n\t\t\t\tTeknokroma Anal\u00edtica S.A. devient distributeur espagnol\t\t\t<\/a>\r\n\t\t<\/h2>\r\n\t\t\t\t<div class=\"premium-blog-entry-meta\">\r\n\t\t\t\r\n\t\t\t\r\n\t\t\t\r\n\t\t\t\t\t<\/div>\r\n\t\t\r\n\t\t\t\t\t<\/div>\r\n\r\n\t\t\t\t\t\t\t<div class=\"premium-blog-content-inner-wrapper\">\r\n\t\t<p class=\"premium-blog-post-content\">Le r\u00e9seau international de partenaires de LABC-Labortechnik ne cesse de s&#8217;\u00e9tendre. Avec Teknokroma Anal\u00edtica S.A., situ\u00e9 pr\u00e8s de Barcelone, nous accueillons un \u2026<\/p>\t\t<\/div>\r\n\t\t\t\t\t\t\t\r\n\t\t\t\t<\/div>\r\n\t\t\t<\/div>\r\n\t\t<\/div>\r\n\r\n\t\t\t\t\t\t\t<\/div>\r\n\r\n\t\t\r\n\t\t\r\n\t\t\t\t\t\t<\/div>\n\t\t\t\t<\/div>\n\t\t\t\t\t<\/div>\n\t\t\t\t<\/div>\n\t\t\t\t<\/div>\n\t\t","protected":false},"excerpt":{"rendered":"<p>Catalogues et brochures Alle Distributoren Entwicklungen Produktinformationen Maximale Sicherheit f\u00fcr Ihre PFAS-Analytik Entdecken Sie die neuen ND9 LABC Quality PFASfree Kurzgewindesortiment. Die pr\u00e4zise Bestimmung von per- und polyfluorierten Alkylsubstanzen (PFAS) ist eine der gr\u00f6\u00dften \u2026 ND24 EPA-Kappe magnetisch Der 24mm EPA-Verschluss mit ND24 Gewinde ist magnetisch und erm\u00f6glicht, das Automatisieren der Probenvorbereitung in einem EPA-Vial.\u00a0 [&hellip;]<\/p>\n","protected":false},"author":1,"featured_media":0,"parent":0,"menu_order":10,"comment_status":"closed","ping_status":"closed","template":"","meta":{"footnotes":""},"class_list":["post-1964","page","type-page","status-publish","hentry"],"_links":{"self":[{"href":"https:\/\/www.labc.de\/fr\/wp-json\/wp\/v2\/pages\/1964","targetHints":{"allow":["GET"]}}],"collection":[{"href":"https:\/\/www.labc.de\/fr\/wp-json\/wp\/v2\/pages"}],"about":[{"href":"https:\/\/www.labc.de\/fr\/wp-json\/wp\/v2\/types\/page"}],"author":[{"embeddable":true,"href":"https:\/\/www.labc.de\/fr\/wp-json\/wp\/v2\/users\/1"}],"replies":[{"embeddable":true,"href":"https:\/\/www.labc.de\/fr\/wp-json\/wp\/v2\/comments?post=1964"}],"version-history":[{"count":16,"href":"https:\/\/www.labc.de\/fr\/wp-json\/wp\/v2\/pages\/1964\/revisions"}],"predecessor-version":[{"id":17176,"href":"https:\/\/www.labc.de\/fr\/wp-json\/wp\/v2\/pages\/1964\/revisions\/17176"}],"wp:attachment":[{"href":"https:\/\/www.labc.de\/fr\/wp-json\/wp\/v2\/media?parent=1964"}],"curies":[{"name":"wp","href":"https:\/\/api.w.org\/{rel}","templated":true}]}}