{"id":1954,"date":"2023-05-04T15:40:25","date_gmt":"2023-05-04T13:40:25","guid":{"rendered":"https:\/\/www.labc.de\/team\/"},"modified":"2025-10-06T11:53:43","modified_gmt":"2025-10-06T09:53:43","slug":"team","status":"publish","type":"page","link":"https:\/\/www.labc.de\/fr\/team\/","title":{"rendered":"L&#8217;\u00e9quipe"},"content":{"rendered":"\t\t<div data-elementor-type=\"wp-page\" data-elementor-id=\"1954\" class=\"elementor elementor-1954 elementor-26\" data-elementor-post-type=\"page\">\n\t\t\t\t<div class=\"elementor-element elementor-element-f7b60d7 e-flex e-con-boxed e-con e-parent\" data-id=\"f7b60d7\" data-element_type=\"container\" data-e-type=\"container\">\n\t\t\t\t\t<div class=\"e-con-inner\">\n\t\t<div class=\"elementor-element elementor-element-1333357 e-con-full e-flex e-con e-child\" data-id=\"1333357\" data-element_type=\"container\" data-e-type=\"container\">\n\t\t\t\t<div class=\"elementor-element elementor-element-c4ac082 elementor-widget elementor-widget-image\" data-id=\"c4ac082\" data-element_type=\"widget\" data-e-type=\"widget\" data-widget_type=\"image.default\">\n\t\t\t\t<div class=\"elementor-widget-container\">\n\t\t\t\t\t\t\t\t\t\t\t\t\t\t\t<img fetchpriority=\"high\" decoding=\"async\" width=\"480\" height=\"640\" src=\"https:\/\/www.labc.de\/wp-content\/uploads\/2023\/05\/Protrait-Florian-Zillger-LABC_4.png\" class=\"attachment-large size-large wp-image-1536\" alt=\"\" srcset=\"https:\/\/www.labc.de\/wp-content\/uploads\/2023\/05\/Protrait-Florian-Zillger-LABC_4.png 480w, https:\/\/www.labc.de\/wp-content\/uploads\/2023\/05\/Protrait-Florian-Zillger-LABC_4-225x300.png 225w\" sizes=\"(max-width: 480px) 100vw, 480px\">\t\t\t\t\t\t\t\t\t\t\t\t\t\t\t<\/div>\n\t\t\t\t<\/div>\n\t\t\t\t<\/div>\n\t\t<div class=\"elementor-element elementor-element-973256c e-con-full e-flex e-con e-child\" data-id=\"973256c\" data-element_type=\"container\" data-e-type=\"container\">\n\t\t<div class=\"elementor-element elementor-element-27c03b5 e-flex e-con-boxed e-con e-child\" data-id=\"27c03b5\" data-element_type=\"container\" data-e-type=\"container\">\n\t\t\t\t\t<div class=\"e-con-inner\">\n\t\t\t\t<div class=\"elementor-element elementor-element-6234336 elementor-absolute elementor-widget elementor-widget-image\" data-id=\"6234336\" data-element_type=\"widget\" data-e-type=\"widget\" data-settings=\"{&quot;_position&quot;:&quot;absolute&quot;}\" data-widget_type=\"image.default\">\n\t\t\t\t<div class=\"elementor-widget-container\">\n\t\t\t\t\t\t\t\t\t\t\t\t\t\t\t<img decoding=\"async\" width=\"146\" height=\"129\" src=\"https:\/\/www.labc.de\/wp-content\/uploads\/2023\/05\/zitat.png\" class=\"attachment-large size-large wp-image-1720\" alt=\"zitat\" \/>\t\t\t\t\t\t\t\t\t\t\t\t\t\t\t<\/div>\n\t\t\t\t<\/div>\n\t\t\t\t<div class=\"elementor-element elementor-element-f936e06 elementor-widget elementor-widget-text-editor\" data-id=\"f936e06\" data-element_type=\"widget\" data-e-type=\"widget\" data-widget_type=\"text-editor.default\">\n\t\t\t\t<div class=\"elementor-widget-container\">\n\t\t\t\t\t\t\t\t\t<p>En hommage \u00e0 la premi\u00e8re g\u00e9n\u00e9ration, la deuxi\u00e8me g\u00e9n\u00e9ration innove : prendre ses responsabilit\u00e9s, respecter l&#8217;existant et cr\u00e9er du nouveau &#8211; ensemble, en tant qu&#8217;\u00e9quipe, innover et s&#8217;orienter vers l&#8217;avenir.<\/p>\t\t\t\t\t\t\t\t<\/div>\n\t\t\t\t<\/div>\n\t\t\t\t<div class=\"elementor-element elementor-element-f7034f9 elementor-widget elementor-widget-text-editor\" data-id=\"f7034f9\" data-element_type=\"widget\" data-e-type=\"widget\" data-widget_type=\"text-editor.default\">\n\t\t\t\t<div class=\"elementor-widget-container\">\n\t\t\t\t\t\t\t\t\t<h4 class=\"bt_bb_headline_tag\"><span class=\"bt_bb_headline_content\">Florian Zillger<\/span><\/h4><div class=\"bt_bb_headline_subheadline\">Directeur g\u00e9n\u00e9ral de LABC-Labortechnik<\/div>\t\t\t\t\t\t\t\t<\/div>\n\t\t\t\t<\/div>\n\t\t\t\t\t<\/div>\n\t\t\t\t<\/div>\n\t\t\t\t<\/div>\n\t\t\t\t\t<\/div>\n\t\t\t\t<\/div>\n\t\t<div class=\"elementor-element elementor-element-583fe76 e-flex e-con-boxed e-con e-parent\" data-id=\"583fe76\" data-element_type=\"container\" data-e-type=\"container\">\n\t\t\t\t\t<div class=\"e-con-inner\">\n\t\t<div class=\"elementor-element elementor-element-0daf960 e-con-full e-flex e-con e-child\" data-id=\"0daf960\" data-element_type=\"container\" data-e-type=\"container\">\n\t\t\t\t<div class=\"elementor-element elementor-element-f65ca63 elementor-widget elementor-widget-image\" data-id=\"f65ca63\" data-element_type=\"widget\" data-e-type=\"widget\" data-widget_type=\"image.default\">\n\t\t\t\t<div class=\"elementor-widget-container\">\n\t\t\t\t\t\t\t\t\t\t\t\t\t\t\t<img decoding=\"async\" width=\"380\" height=\"430\" src=\"https:\/\/www.labc.de\/wp-content\/uploads\/2023\/05\/Alex.png\" class=\"attachment-large size-large wp-image-1574\" alt=\"Alex Wentlandt\" \/>\t\t\t\t\t\t\t\t\t\t\t\t\t\t\t<\/div>\n\t\t\t\t<\/div>\n\t\t\t\t<div class=\"elementor-element elementor-element-2a922c7 elementor-widget elementor-widget-heading\" data-id=\"2a922c7\" data-element_type=\"widget\" data-e-type=\"widget\" data-widget_type=\"heading.default\">\n\t\t\t\t<div class=\"elementor-widget-container\">\n\t\t\t\t\t<h6 class=\"elementor-heading-title elementor-size-default\">Service interne<\/h6>\t\t\t\t<\/div>\n\t\t\t\t<\/div>\n\t\t\t\t<div class=\"elementor-element elementor-element-00d1729 elementor-widget elementor-widget-heading\" data-id=\"00d1729\" data-element_type=\"widget\" data-e-type=\"widget\" data-widget_type=\"heading.default\">\n\t\t\t\t<div class=\"elementor-widget-container\">\n\t\t\t\t\t<h2 class=\"elementor-heading-title elementor-size-default\">Alexander Wentlandt <\/h2>\t\t\t\t<\/div>\n\t\t\t\t<\/div>\n\t\t\t\t<\/div>\n\t\t<div class=\"elementor-element elementor-element-b552873 e-con-full e-flex e-con e-child\" data-id=\"b552873\" data-element_type=\"container\" data-e-type=\"container\">\n\t\t\t\t<div class=\"elementor-element elementor-element-b8ed659 elementor-widget elementor-widget-image\" data-id=\"b8ed659\" data-element_type=\"widget\" data-e-type=\"widget\" data-widget_type=\"image.default\">\n\t\t\t\t<div class=\"elementor-widget-container\">\n\t\t\t\t\t\t\t\t\t\t\t\t\t\t\t<img loading=\"lazy\" decoding=\"async\" width=\"380\" height=\"430\" src=\"https:\/\/www.labc.de\/wp-content\/uploads\/2023\/05\/Luisa.png\" class=\"attachment-large size-large wp-image-1520\" alt=\"\" srcset=\"https:\/\/www.labc.de\/wp-content\/uploads\/2023\/05\/Luisa.png 380w, https:\/\/www.labc.de\/wp-content\/uploads\/2023\/05\/Luisa-265x300.png 265w\" sizes=\"(max-width: 380px) 100vw, 380px\">\t\t\t\t\t\t\t\t\t\t\t\t\t\t\t<\/div>\n\t\t\t\t<\/div>\n\t\t\t\t<div class=\"elementor-element elementor-element-da84b63 elementor-widget elementor-widget-heading\" data-id=\"da84b63\" data-element_type=\"widget\" data-e-type=\"widget\" data-widget_type=\"heading.default\">\n\t\t\t\t<div class=\"elementor-widget-container\">\n\t\t\t\t\t<h6 class=\"elementor-heading-title elementor-size-default\">Service interne<\/h6>\t\t\t\t<\/div>\n\t\t\t\t<\/div>\n\t\t\t\t<div class=\"elementor-element elementor-element-0f2a108 elementor-widget elementor-widget-heading\" data-id=\"0f2a108\" data-element_type=\"widget\" data-e-type=\"widget\" data-widget_type=\"heading.default\">\n\t\t\t\t<div class=\"elementor-widget-container\">\n\t\t\t\t\t<h2 class=\"elementor-heading-title elementor-size-default\">Luisa dos Santos<\/h2>\t\t\t\t<\/div>\n\t\t\t\t<\/div>\n\t\t\t\t<\/div>\n\t\t<div class=\"elementor-element elementor-element-5b2633b e-con-full e-flex e-con e-child\" data-id=\"5b2633b\" data-element_type=\"container\" data-e-type=\"container\">\n\t\t\t\t<div class=\"elementor-element elementor-element-b450850 elementor-widget elementor-widget-image\" data-id=\"b450850\" data-element_type=\"widget\" data-e-type=\"widget\" data-widget_type=\"image.default\">\n\t\t\t\t<div class=\"elementor-widget-container\">\n\t\t\t\t\t\t\t\t\t\t\t\t\t\t\t<img loading=\"lazy\" decoding=\"async\" width=\"380\" height=\"430\" src=\"https:\/\/www.labc.de\/wp-content\/uploads\/2023\/05\/Jens.png\" class=\"attachment-large size-large wp-image-1590\" alt=\"Jens Missfeld\" srcset=\"https:\/\/www.labc.de\/wp-content\/uploads\/2023\/05\/Jens.png 380w, https:\/\/www.labc.de\/wp-content\/uploads\/2023\/05\/Jens-265x300.png 265w\" sizes=\"(max-width: 380px) 100vw, 380px\" \/>\t\t\t\t\t\t\t\t\t\t\t\t\t\t\t<\/div>\n\t\t\t\t<\/div>\n\t\t\t\t<div class=\"elementor-element elementor-element-22dfee9 elementor-widget elementor-widget-heading\" data-id=\"22dfee9\" data-element_type=\"widget\" data-e-type=\"widget\" data-widget_type=\"heading.default\">\n\t\t\t\t<div class=\"elementor-widget-container\">\n\t\t\t\t\t<h6 class=\"elementor-heading-title elementor-size-default\">LABC SAS<\/h6>\t\t\t\t<\/div>\n\t\t\t\t<\/div>\n\t\t\t\t<div class=\"elementor-element elementor-element-ee9c38f elementor-widget elementor-widget-heading\" data-id=\"ee9c38f\" data-element_type=\"widget\" data-e-type=\"widget\" data-widget_type=\"heading.default\">\n\t\t\t\t<div class=\"elementor-widget-container\">\n\t\t\t\t\t<h2 class=\"elementor-heading-title elementor-size-default\">Jens Missfeld<\/h2>\t\t\t\t<\/div>\n\t\t\t\t<\/div>\n\t\t\t\t<\/div>\n\t\t\t\t\t<\/div>\n\t\t\t\t<\/div>\n\t\t\t\t<\/div>\n\t\t","protected":false},"excerpt":{"rendered":"<p>En hommage \u00e0 la premi\u00e8re g\u00e9n\u00e9ration, la deuxi\u00e8me g\u00e9n\u00e9ration innove : prendre ses responsabilit\u00e9s, respecter l&#8217;existant et cr\u00e9er du nouveau &#8211; ensemble, en tant qu&#8217;\u00e9quipe, innover et s&#8217;orienter vers l&#8217;avenir. Florian Zillger Directeur g\u00e9n\u00e9ral de LABC-Labortechnik Service interne Alexander Wentlandt Service interne Luisa dos Santos LABC SAS Jens Missfeld<\/p>\n","protected":false},"author":1,"featured_media":0,"parent":0,"menu_order":44,"comment_status":"closed","ping_status":"closed","template":"","meta":{"footnotes":""},"class_list":["post-1954","page","type-page","status-publish","hentry"],"_links":{"self":[{"href":"https:\/\/www.labc.de\/fr\/wp-json\/wp\/v2\/pages\/1954","targetHints":{"allow":["GET"]}}],"collection":[{"href":"https:\/\/www.labc.de\/fr\/wp-json\/wp\/v2\/pages"}],"about":[{"href":"https:\/\/www.labc.de\/fr\/wp-json\/wp\/v2\/types\/page"}],"author":[{"embeddable":true,"href":"https:\/\/www.labc.de\/fr\/wp-json\/wp\/v2\/users\/1"}],"replies":[{"embeddable":true,"href":"https:\/\/www.labc.de\/fr\/wp-json\/wp\/v2\/comments?post=1954"}],"version-history":[{"count":3,"href":"https:\/\/www.labc.de\/fr\/wp-json\/wp\/v2\/pages\/1954\/revisions"}],"predecessor-version":[{"id":16332,"href":"https:\/\/www.labc.de\/fr\/wp-json\/wp\/v2\/pages\/1954\/revisions\/16332"}],"wp:attachment":[{"href":"https:\/\/www.labc.de\/fr\/wp-json\/wp\/v2\/media?parent=1954"}],"curies":[{"name":"wp","href":"https:\/\/api.w.org\/{rel}","templated":true}]}}