{"id":1950,"date":"2023-05-04T15:40:09","date_gmt":"2023-05-04T13:40:09","guid":{"rendered":"https:\/\/www.labc.de\/a-propos-de-nous\/"},"modified":"2024-01-24T13:49:14","modified_gmt":"2024-01-24T12:49:14","slug":"a-propos-de-nous","status":"publish","type":"page","link":"https:\/\/www.labc.de\/fr\/a-propos-de-nous\/","title":{"rendered":"Qui sommes-nous ?"},"content":{"rendered":"\t\t<div data-elementor-type=\"wp-page\" data-elementor-id=\"1950\" class=\"elementor elementor-1950 elementor-24\" data-elementor-post-type=\"page\">\n\t\t\t\t<div class=\"elementor-element elementor-element-583b462 e-con-full e-flex elementor-invisible e-con e-parent\" data-id=\"583b462\" data-element_type=\"container\" data-e-type=\"container\" data-settings=\"{&quot;background_background&quot;:&quot;classic&quot;,&quot;animation&quot;:&quot;slideInRight&quot;}\">\n\t\t<div class=\"elementor-element elementor-element-ff82822 e-con-full elementor-hidden-tablet elementor-hidden-mobile e-flex e-con e-parent\" data-id=\"ff82822\" data-element_type=\"container\" data-e-type=\"container\" data-settings=\"{&quot;background_background&quot;:&quot;classic&quot;}\">\n\t\t\t\t<\/div>\n\t\t<div class=\"elementor-element elementor-element-955da49 e-con-full e-flex e-con e-parent\" data-id=\"955da49\" data-element_type=\"container\" data-e-type=\"container\" data-settings=\"{&quot;background_background&quot;:&quot;classic&quot;}\">\n\t\t\t\t<div class=\"elementor-element elementor-element-bb26c25 elementor-widget elementor-widget-heading\" data-id=\"bb26c25\" data-element_type=\"widget\" data-e-type=\"widget\" data-widget_type=\"heading.default\">\n\t\t\t\t<div class=\"elementor-widget-container\">\n\t\t\t\t\t<h2 class=\"elementor-heading-title elementor-size-default\">Pour \u00eatre innovant, il faut regarder vers l'avant. Pas en arri\u00e8re <\/h2>\t\t\t\t<\/div>\n\t\t\t\t<\/div>\n\t\t\t\t<div class=\"elementor-element elementor-element-6f5d187 elementor-widget elementor-widget-heading\" data-id=\"6f5d187\" data-element_type=\"widget\" data-e-type=\"widget\" data-widget_type=\"heading.default\">\n\t\t\t\t<div class=\"elementor-widget-container\">\n\t\t\t\t\t<h4 class=\"elementor-heading-title elementor-size-default\">Entreprise familiale de deuxi\u00e8me g\u00e9n\u00e9ration\n<\/h4>\t\t\t\t<\/div>\n\t\t\t\t<\/div>\n\t\t\t\t<div class=\"elementor-element elementor-element-3b1a416 elementor-widget elementor-widget-text-editor\" data-id=\"3b1a416\" data-element_type=\"widget\" data-e-type=\"widget\" data-widget_type=\"text-editor.default\">\n\t\t\t\t<div class=\"elementor-widget-container\">\n\t\t\t\t\t\t\t\t\t<p>La soci\u00e9t\u00e9 LABC-Labortechnik GmbH a \u00e9t\u00e9 fond\u00e9e en septembre 2016 en mettant l\u2019accent sur le d\u00e9veloppement, la production et la distribution de produits et d\u2019applications pour la migration ou la perm\u00e9ation de substances. Elle a \u00e9t\u00e9 d\u00e9tach\u00e9e de l&#8217;entreprise familiale, LABC-Labortechnik Zillger GbR, afin de repr\u00e9senter en particulier les d\u00e9veloppements propres et constitue en m\u00eame temps une \u00e9tape importante pour la succession des a\u00een\u00e9s. L&#8217;entreprise familiale est d\u00e9j\u00e0 active depuis plus de 25 ans dans le commerce de laboratoire Parall\u00e8lement, la soci\u00e9t\u00e9 LABC-Labortechnik Zillger GbR change de nom pour devenir LABC-Labortechnik Zillger KG \u00e0 la fin de l&#8217;ann\u00e9e 2016\/2017, afin d&#8217;accueillir un autre associ\u00e9 en propri\u00e9t\u00e9 partielle.<\/p>\n<p>Les caract\u00e9ristiques de performance de l&#8217;entreprise sont &#8211; outre la vente des fournitures de laboratoire classiques &#8211; le d\u00e9veloppement propre de fournitures de laboratoire et de solutions aux probl\u00e8mes dans le domaine de la pr\u00e9paration d&#8217;\u00e9chantillons. En outre, LABC-Labortechnik propose des solutions flexibles dans les domaines du d\u00e9veloppement, de la gestion des stocks, de la logistique et du service apr\u00e8s-vente. LABC-Labortechnik dispose de sa propre boutique en ligne \u00e0 l&#8217;adresse shop.LABC.de. Si vous le souhaitez, nous pouvons y r\u00e9pondre \u00e0 vos conditions individuelles. N&#8217;h\u00e9sitez pas \u00e0 nous contacter \u00e0 ce sujet.<\/p>\n<p>La recherche et le d\u00e9veloppement, la production et la distribution des quatre domaines cl\u00e9s (Caps &amp; Vials, 5LIGHT solvants, migration et perm\u00e9ation) sont regroup\u00e9s au sein de LABC-Labortechnik GmbH. Depuis l&#8217;Allemagne, LABC se forge un r\u00e9seau mondial de distributeurs et a cr\u00e9\u00e9 en 2022 sa propre filiale en France pour les pays francophones.<\/p>\n<p>Depuis l&#8217;\u00e9t\u00e9 2022, l&#8217;\u00e9quipe de LABC g\u00e8re \u00e9galement une boutique en ligne pour les clients finaux. Sur Dein-Laborshop.de, des consommables de laboratoire de grande qualit\u00e9 sont propos\u00e9s \u00e0 l&#8217;unit\u00e9. On y trouve par exemple des marques haut de gamme comme Vitab\u00ae ou DURAN.<\/p>\n<p>La recherche et le d\u00e9veloppement, la production et la distribution des quatre domaines cl\u00e9s (Caps &amp; Vials, 5LIGHT solvants, migration et perm\u00e9ation) sont regroup\u00e9s au sein de LABC-Labortechnik GmbH. Depuis l&#8217;Allemagne, LABC se forge un r\u00e9seau mondial de distributeurs et a cr\u00e9\u00e9 en 2022 sa propre filiale en France pour les pays francophones.<\/p>\n\t\t\t\t\t\t\t\t<\/div>\n\t\t\t\t<\/div>\n\t\t\t\t<\/div>\n\t\t<div class=\"elementor-element elementor-element-a816a00 e-con-full elementor-hidden-tablet elementor-hidden-mobile e-flex e-con e-parent\" data-id=\"a816a00\" data-element_type=\"container\" data-e-type=\"container\" data-settings=\"{&quot;background_background&quot;:&quot;classic&quot;}\">\n\t\t\t\t<\/div>\n\t\t\t\t<\/div>\n\t\t<div class=\"elementor-element elementor-element-5e28c17 e-flex e-con-boxed e-con e-parent\" data-id=\"5e28c17\" data-element_type=\"container\" data-e-type=\"container\" data-settings=\"{&quot;background_background&quot;:&quot;classic&quot;}\">\n\t\t\t\t\t<div class=\"e-con-inner\">\n\t\t\t\t<div class=\"elementor-element elementor-element-34e5536 elementor-widget elementor-widget-spacer\" data-id=\"34e5536\" data-element_type=\"widget\" data-e-type=\"widget\" data-widget_type=\"spacer.default\">\n\t\t\t\t<div class=\"elementor-widget-container\">\n\t\t\t\t\t\t\t<div class=\"elementor-spacer\">\n\t\t\t<div class=\"elementor-spacer-inner\"><\/div>\n\t\t<\/div>\n\t\t\t\t\t\t<\/div>\n\t\t\t\t<\/div>\n\t\t\t\t\t<\/div>\n\t\t\t\t<\/div>\n\t\t<div class=\"elementor-element elementor-element-c6e8613 e-con-full e-flex elementor-invisible e-con e-parent\" data-id=\"c6e8613\" data-element_type=\"container\" data-e-type=\"container\" data-settings=\"{&quot;background_background&quot;:&quot;classic&quot;,&quot;animation&quot;:&quot;slideInLeft&quot;}\">\n\t\t<div class=\"elementor-element elementor-element-34e9e96 e-con-full elementor-hidden-tablet elementor-hidden-mobile e-flex e-con e-parent\" data-id=\"34e9e96\" data-element_type=\"container\" data-e-type=\"container\" data-settings=\"{&quot;background_background&quot;:&quot;classic&quot;}\">\n\t\t\t\t<\/div>\n\t\t<div class=\"elementor-element elementor-element-4aa0479 e-con-full e-flex e-con e-parent\" data-id=\"4aa0479\" data-element_type=\"container\" data-e-type=\"container\" data-settings=\"{&quot;background_background&quot;:&quot;classic&quot;}\">\n\t\t\t\t<div class=\"elementor-element elementor-element-4353df5 elementor-widget elementor-widget-heading\" data-id=\"4353df5\" data-element_type=\"widget\" data-e-type=\"widget\" data-widget_type=\"heading.default\">\n\t\t\t\t<div class=\"elementor-widget-container\">\n\t\t\t\t\t<h4 class=\"elementor-heading-title elementor-size-default\">Vous avez une question ?\n<\/h4>\t\t\t\t<\/div>\n\t\t\t\t<\/div>\n\t\t\t\t<div class=\"elementor-element elementor-element-dda66c7 elementor-widget elementor-widget-heading\" data-id=\"dda66c7\" data-element_type=\"widget\" data-e-type=\"widget\" data-widget_type=\"heading.default\">\n\t\t\t\t<div class=\"elementor-widget-container\">\n\t\t\t\t\t<h2 class=\"elementor-heading-title elementor-size-default\">Contactez-nous:<\/h2>\t\t\t\t<\/div>\n\t\t\t\t<\/div>\n\t\t\t\t<div class=\"elementor-element elementor-element-9f9dd34 elementor-icon-list--layout-traditional elementor-list-item-link-full_width elementor-widget elementor-widget-icon-list\" data-id=\"9f9dd34\" data-element_type=\"widget\" data-e-type=\"widget\" data-widget_type=\"icon-list.default\">\n\t\t\t\t<div class=\"elementor-widget-container\">\n\t\t\t\t\t\t\t<ul class=\"elementor-icon-list-items\">\n\t\t\t\t\t\t\t<li class=\"elementor-icon-list-item\">\n\t\t\t\t\t\t\t\t\t\t\t<a href=\"tel:%20+33-3-20-59-35-29\">\n\n\t\t\t\t\t\t\t\t\t\t\t\t<span class=\"elementor-icon-list-icon\">\n\t\t\t\t\t\t\t<i aria-hidden=\"true\" class=\"fas fa-phone-volume\"><\/i>\t\t\t\t\t\t<\/span>\n\t\t\t\t\t\t\t\t\t\t<span class=\"elementor-icon-list-text\">  +49 (0) 2242 96946-0<\/span>\n\t\t\t\t\t\t\t\t\t\t\t<\/a>\n\t\t\t\t\t\t\t\t\t<\/li>\n\t\t\t\t\t\t\t\t<li class=\"elementor-icon-list-item\">\n\t\t\t\t\t\t\t\t\t\t\t<a href=\"mailto:fr.info@labc.de\">\n\n\t\t\t\t\t\t\t\t\t\t\t\t<span class=\"elementor-icon-list-icon\">\n\t\t\t\t\t\t\t<i aria-hidden=\"true\" class=\"fas fa-envelope\"><\/i>\t\t\t\t\t\t<\/span>\n\t\t\t\t\t\t\t\t\t\t<span class=\"elementor-icon-list-text\">fr.info@labc.de<\/span>\n\t\t\t\t\t\t\t\t\t\t\t<\/a>\n\t\t\t\t\t\t\t\t\t<\/li>\n\t\t\t\t\t\t<\/ul>\n\t\t\t\t\t\t<\/div>\n\t\t\t\t<\/div>\n\t\t\t\t<div class=\"elementor-element elementor-element-6086792 elementor-widget elementor-widget-heading\" data-id=\"6086792\" data-element_type=\"widget\" data-e-type=\"widget\" data-widget_type=\"heading.default\">\n\t\t\t\t<div class=\"elementor-widget-container\">\n\t\t\t\t\t<h3 class=\"elementor-heading-title elementor-size-default\">Adresse<\/h3>\t\t\t\t<\/div>\n\t\t\t\t<\/div>\n\t\t\t\t<div class=\"elementor-element elementor-element-827ca1b elementor-widget elementor-widget-text-editor\" data-id=\"827ca1b\" data-element_type=\"widget\" data-e-type=\"widget\" data-widget_type=\"text-editor.default\">\n\t\t\t\t<div class=\"elementor-widget-container\">\n\t\t\t\t\t\t\t\t\t<p>LABC SAS<br \/>19, R\u00e9sidence les Vergers<br \/>59246 Mons-en-P\u00e9v\u00e8le<\/p>\n\t\t\t\t\t\t\t\t<\/div>\n\t\t\t\t<\/div>\n\t\t\t\t<div class=\"elementor-element elementor-element-db8cfc1 elementor-widget elementor-widget-heading\" data-id=\"db8cfc1\" data-element_type=\"widget\" data-e-type=\"widget\" data-widget_type=\"heading.default\">\n\t\t\t\t<div class=\"elementor-widget-container\">\n\t\t\t\t\t<h3 class=\"elementor-heading-title elementor-size-default\">Horaires<\/h3>\t\t\t\t<\/div>\n\t\t\t\t<\/div>\n\t\t\t\t<div class=\"elementor-element elementor-element-31f6767 elementor-widget elementor-widget-text-editor\" data-id=\"31f6767\" data-element_type=\"widget\" data-e-type=\"widget\" data-widget_type=\"text-editor.default\">\n\t\t\t\t<div class=\"elementor-widget-container\">\n\t\t\t\t\t\t\t\t\t<p>Du lundi au jeudi:<br \/>de 08h00 \u00e0 16h00<br \/>Vendredi:<br \/>de 08h00 \u00e0 14h00<\/p>\n\t\t\t\t\t\t\t\t<\/div>\n\t\t\t\t<\/div>\n\t\t\t\t<div class=\"elementor-element elementor-element-f4fb51f elementor-widget elementor-widget-button\" data-id=\"f4fb51f\" data-element_type=\"widget\" data-e-type=\"widget\" data-widget_type=\"button.default\">\n\t\t\t\t<div class=\"elementor-widget-container\">\n\t\t\t\t\t\t\t\t\t<div class=\"elementor-button-wrapper\">\n\t\t\t\t\t<a class=\"elementor-button elementor-button-link elementor-size-sm elementor-animation-grow\" href=\"mailto:fr.info@labc.de?subject=Anfrage\">\n\t\t\t\t\t\t<span class=\"elementor-button-content-wrapper\">\n\t\t\t\t\t\t\t\t\t<span class=\"elementor-button-text\">Contact<\/span>\n\t\t\t\t\t<\/span>\n\t\t\t\t\t<\/a>\n\t\t\t\t<\/div>\n\t\t\t\t\t\t\t\t<\/div>\n\t\t\t\t<\/div>\n\t\t\t\t<\/div>\n\t\t<div class=\"elementor-element elementor-element-371a83f e-con-full elementor-hidden-tablet elementor-hidden-mobile e-flex e-con e-parent\" data-id=\"371a83f\" data-element_type=\"container\" data-e-type=\"container\" data-settings=\"{&quot;background_background&quot;:&quot;classic&quot;}\">\n\t\t\t\t<\/div>\n\t\t\t\t<\/div>\n\t\t<div class=\"elementor-element elementor-element-af8ec5e e-flex e-con-boxed e-con e-parent\" data-id=\"af8ec5e\" data-element_type=\"container\" data-e-type=\"container\" data-settings=\"{&quot;background_background&quot;:&quot;classic&quot;}\">\n\t\t\t\t\t<div class=\"e-con-inner\">\n\t\t\t\t<div class=\"elementor-element elementor-element-5ca04a1 elementor-widget elementor-widget-spacer\" data-id=\"5ca04a1\" data-element_type=\"widget\" data-e-type=\"widget\" data-widget_type=\"spacer.default\">\n\t\t\t\t<div class=\"elementor-widget-container\">\n\t\t\t\t\t\t\t<div class=\"elementor-spacer\">\n\t\t\t<div class=\"elementor-spacer-inner\"><\/div>\n\t\t<\/div>\n\t\t\t\t\t\t<\/div>\n\t\t\t\t<\/div>\n\t\t\t\t\t<\/div>\n\t\t\t\t<\/div>\n\t\t\t\t<\/div>\n\t\t","protected":false},"excerpt":{"rendered":"<p>Pour \u00eatre innovant, il faut regarder vers l&#8217;avant. Pas en arri\u00e8re Entreprise familiale de deuxi\u00e8me g\u00e9n\u00e9ration La soci\u00e9t\u00e9 LABC-Labortechnik GmbH a \u00e9t\u00e9 fond\u00e9e en septembre 2016 en mettant l\u2019accent sur le d\u00e9veloppement, la production et la distribution de produits et d\u2019applications pour la migration ou la perm\u00e9ation de substances. Elle a \u00e9t\u00e9 d\u00e9tach\u00e9e de l&#8217;entreprise [&hellip;]<\/p>\n","protected":false},"author":1,"featured_media":0,"parent":0,"menu_order":50,"comment_status":"closed","ping_status":"closed","template":"","meta":{"footnotes":""},"class_list":["post-1950","page","type-page","status-publish","hentry"],"_links":{"self":[{"href":"https:\/\/www.labc.de\/fr\/wp-json\/wp\/v2\/pages\/1950","targetHints":{"allow":["GET"]}}],"collection":[{"href":"https:\/\/www.labc.de\/fr\/wp-json\/wp\/v2\/pages"}],"about":[{"href":"https:\/\/www.labc.de\/fr\/wp-json\/wp\/v2\/types\/page"}],"author":[{"embeddable":true,"href":"https:\/\/www.labc.de\/fr\/wp-json\/wp\/v2\/users\/1"}],"replies":[{"embeddable":true,"href":"https:\/\/www.labc.de\/fr\/wp-json\/wp\/v2\/comments?post=1950"}],"version-history":[{"count":0,"href":"https:\/\/www.labc.de\/fr\/wp-json\/wp\/v2\/pages\/1950\/revisions"}],"wp:attachment":[{"href":"https:\/\/www.labc.de\/fr\/wp-json\/wp\/v2\/media?parent=1950"}],"curies":[{"name":"wp","href":"https:\/\/api.w.org\/{rel}","templated":true}]}}