{"id":16745,"date":"2026-03-02T11:27:00","date_gmt":"2026-03-02T10:27:00","guid":{"rendered":"https:\/\/www.labc.de\/produits\/commerce-specialise-dans-les-techniques-de-laboratoire\/"},"modified":"2026-03-02T11:39:27","modified_gmt":"2026-03-02T10:39:27","slug":"commerce-specialise-dans-les-techniques-de-laboratoire","status":"publish","type":"page","link":"https:\/\/www.labc.de\/fr\/produits\/commerce-specialise-dans-les-techniques-de-laboratoire\/","title":{"rendered":"Commerce sp\u00e9cialis\u00e9 dans les techniques de laboratoire"},"content":{"rendered":"\t\t<div data-elementor-type=\"wp-page\" data-elementor-id=\"16745\" class=\"elementor elementor-16745 elementor-16729\" data-elementor-post-type=\"page\">\n\t\t\t\t<div class=\"elementor-element elementor-element-d55b2c1 e-flex e-con-boxed e-con e-parent\" data-id=\"d55b2c1\" data-element_type=\"container\" data-e-type=\"container\">\n\t\t\t\t\t<div class=\"e-con-inner\">\n\t\t\t\t<div class=\"elementor-element elementor-element-ae02f32 elementor-widget elementor-widget-heading\" data-id=\"ae02f32\" data-element_type=\"widget\" data-e-type=\"widget\" data-widget_type=\"heading.default\">\n\t\t\t\t<div class=\"elementor-widget-container\">\n\t\t\t\t\t<h2 class=\"elementor-heading-title elementor-size-default\">Conception et fabrication de mat\u00e9riel de laboratoire &amp; votre commerce local sp\u00e9cialis\u00e9<\/h2>\t\t\t\t<\/div>\n\t\t\t\t<\/div>\n\t\t<div class=\"elementor-element elementor-element-f42ef0d e-con-full e-flex e-con e-child\" data-id=\"f42ef0d\" data-element_type=\"container\" data-e-type=\"container\">\n\t\t\t\t<div class=\"elementor-element elementor-element-21d36e2 elementor-widget elementor-widget-image\" data-id=\"21d36e2\" data-element_type=\"widget\" data-e-type=\"widget\" data-widget_type=\"image.default\">\n\t\t\t\t<div class=\"elementor-widget-container\">\n\t\t\t\t\t\t\t\t\t\t\t\t\t\t\t<img fetchpriority=\"high\" decoding=\"async\" width=\"800\" height=\"800\" src=\"https:\/\/www.labc.de\/wp-content\/uploads\/2023\/08\/Ueber-Uns-5-1024x1024.jpg\" class=\"attachment-large size-large wp-image-6086\" alt=\"LABC Transporter\" srcset=\"https:\/\/www.labc.de\/wp-content\/uploads\/2023\/08\/Ueber-Uns-5-1024x1024.jpg 1024w, https:\/\/www.labc.de\/wp-content\/uploads\/2023\/08\/Ueber-Uns-5-300x300.jpg 300w, https:\/\/www.labc.de\/wp-content\/uploads\/2023\/08\/Ueber-Uns-5-150x150.jpg 150w, https:\/\/www.labc.de\/wp-content\/uploads\/2023\/08\/Ueber-Uns-5-768x768.jpg 768w, https:\/\/www.labc.de\/wp-content\/uploads\/2023\/08\/Ueber-Uns-5.jpg 1200w\" sizes=\"(max-width: 800px) 100vw, 800px\" \/>\t\t\t\t\t\t\t\t\t\t\t\t\t\t\t<\/div>\n\t\t\t\t<\/div>\n\t\t\t\t<div class=\"elementor-element elementor-element-2e3f740 elementor-widget elementor-widget-text-editor\" data-id=\"2e3f740\" data-element_type=\"widget\" data-e-type=\"widget\" data-widget_type=\"text-editor.default\">\n\t\t\t\t<div class=\"elementor-widget-container\">\n\t\t\t\t\t\t\t\t\t<p data-path-to-node=\"3\">D\u00e8s le d\u00e9but, <b data-path-to-node=\"3\" data-index-in-node=\"22\">LABC Labortechnik<\/b> a \u00e9t\u00e9 un innovateur dans le domaine des techniques de laboratoire. Depuis ses d\u00e9buts avec le <b data-path-to-node=\"3\" data-index-in-node=\"106\">raccord<\/b> brevet\u00e9 <b data-path-to-node=\"3\" data-index-in-node=\"106\">LABC<\/b> et le <b data-path-to-node=\"3\" data-index-in-node=\"127\">bouchon agitateur universel LABC<\/b>, LABC Labortechnik a introduit de nombreuses innovations sur le march\u00e9. <\/p><p data-path-to-node=\"4\">Ces d\u00e9veloppements ont toujours \u00e9t\u00e9 r\u00e9alis\u00e9s en \u00e9troite coop\u00e9ration avec nos clients &#8211; des clients que nous servons personnellement et directement sur place en tant que <b data-path-to-node=\"4\" data-index-in-node=\"104\">revendeur r\u00e9gional<\/b>. Ce conseil personnalis\u00e9 et la recherche commune de solutions sont encore aujourd&#8217;hui un \u00e9l\u00e9ment essentiel de la philosophie de LABC. <\/p>\t\t\t\t\t\t\t\t<\/div>\n\t\t\t\t<\/div>\n\t\t\t\t<div class=\"elementor-element elementor-element-9fdcad9 elementor-widget elementor-widget-image\" data-id=\"9fdcad9\" data-element_type=\"widget\" data-e-type=\"widget\" data-widget_type=\"image.default\">\n\t\t\t\t<div class=\"elementor-widget-container\">\n\t\t\t\t\t\t\t\t\t\t\t\t\t\t\t<img decoding=\"async\" width=\"800\" height=\"517\" src=\"https:\/\/www.labc.de\/wp-content\/uploads\/2026\/03\/220-0071444.jpg\" class=\"attachment-large size-large wp-image-16733\" alt=\"LABC Kupplung\" srcset=\"https:\/\/www.labc.de\/wp-content\/uploads\/2026\/03\/220-0071444.jpg 1000w, https:\/\/www.labc.de\/wp-content\/uploads\/2026\/03\/220-0071444-300x194.jpg 300w, https:\/\/www.labc.de\/wp-content\/uploads\/2026\/03\/220-0071444-768x496.jpg 768w\" sizes=\"(max-width: 800px) 100vw, 800px\" \/>\t\t\t\t\t\t\t\t\t\t\t\t\t\t\t<\/div>\n\t\t\t\t<\/div>\n\t\t\t\t<\/div>\n\t\t\t\t\t<\/div>\n\t\t\t\t<\/div>\n\t\t<div class=\"elementor-element elementor-element-357792ee e-flex e-con-boxed e-con e-parent\" data-id=\"357792ee\" data-element_type=\"container\" data-e-type=\"container\" data-settings=\"{&quot;background_background&quot;:&quot;classic&quot;}\">\n\t\t\t\t\t<div class=\"e-con-inner\">\n\t\t\t\t<div class=\"elementor-element elementor-element-4fccd7a5 elementor-widget elementor-widget-heading\" data-id=\"4fccd7a5\" data-element_type=\"widget\" data-e-type=\"widget\" data-widget_type=\"heading.default\">\n\t\t\t\t<div class=\"elementor-widget-container\">\n\t\t\t\t\t<h3 class=\"elementor-heading-title elementor-size-default\">Nous nous ferons un plaisir de vous conseiller et de chercher ensemble le produit le mieux adapt\u00e9 \u00e0 vos besoins.  <\/h3>\t\t\t\t<\/div>\n\t\t\t\t<\/div>\n\t\t\t\t<div class=\"elementor-element elementor-element-684912f2 elementor-align-center elementor-widget elementor-widget-button\" data-id=\"684912f2\" data-element_type=\"widget\" data-e-type=\"widget\" data-widget_type=\"button.default\">\n\t\t\t\t<div class=\"elementor-widget-container\">\n\t\t\t\t\t\t\t\t\t<div class=\"elementor-button-wrapper\">\n\t\t\t\t\t<a class=\"elementor-button elementor-button-link elementor-size-md elementor-animation-grow\" href=\"https:\/\/www.labc.de\/fr\/demande\/\">\n\t\t\t\t\t\t<span class=\"elementor-button-content-wrapper\">\n\t\t\t\t\t\t\t\t\t<span class=\"elementor-button-text\">Demander maintenant<\/span>\n\t\t\t\t\t<\/span>\n\t\t\t\t\t<\/a>\n\t\t\t\t<\/div>\n\t\t\t\t\t\t\t\t<\/div>\n\t\t\t\t<\/div>\n\t\t\t\t\t<\/div>\n\t\t\t\t<\/div>\n\t\t<div class=\"elementor-element elementor-element-a6e1658 e-flex e-con-boxed e-con e-parent\" data-id=\"a6e1658\" data-element_type=\"container\" data-e-type=\"container\">\n\t\t\t\t\t<div class=\"e-con-inner\">\n\t\t\t\t<div class=\"elementor-element elementor-element-b183917 elementor-widget elementor-widget-heading\" data-id=\"b183917\" data-element_type=\"widget\" data-e-type=\"widget\" data-widget_type=\"heading.default\">\n\t\t\t\t<div class=\"elementor-widget-container\">\n\t\t\t\t\t<h2 class=\"elementor-heading-title elementor-size-default\">Autres produits et informations<\/h2>\t\t\t\t<\/div>\n\t\t\t\t<\/div>\n\t\t\t\t\t<\/div>\n\t\t\t\t<\/div>\n\t\t\t\t<\/div>\n\t\t","protected":false},"excerpt":{"rendered":"<p>Conception et fabrication de mat\u00e9riel de laboratoire &amp; votre commerce local sp\u00e9cialis\u00e9 D\u00e8s le d\u00e9but, LABC Labortechnik a \u00e9t\u00e9 un innovateur dans le domaine des techniques de laboratoire. Depuis ses d\u00e9buts avec le raccord brevet\u00e9 LABC et le bouchon agitateur universel LABC, LABC Labortechnik a introduit de nombreuses innovations sur le march\u00e9. Ces d\u00e9veloppements ont [&hellip;]<\/p>\n","protected":false},"author":3,"featured_media":10897,"parent":1921,"menu_order":27,"comment_status":"closed","ping_status":"closed","template":"","meta":{"footnotes":""},"class_list":["post-16745","page","type-page","status-publish","has-post-thumbnail","hentry"],"_links":{"self":[{"href":"https:\/\/www.labc.de\/fr\/wp-json\/wp\/v2\/pages\/16745","targetHints":{"allow":["GET"]}}],"collection":[{"href":"https:\/\/www.labc.de\/fr\/wp-json\/wp\/v2\/pages"}],"about":[{"href":"https:\/\/www.labc.de\/fr\/wp-json\/wp\/v2\/types\/page"}],"author":[{"embeddable":true,"href":"https:\/\/www.labc.de\/fr\/wp-json\/wp\/v2\/users\/3"}],"replies":[{"embeddable":true,"href":"https:\/\/www.labc.de\/fr\/wp-json\/wp\/v2\/comments?post=16745"}],"version-history":[{"count":1,"href":"https:\/\/www.labc.de\/fr\/wp-json\/wp\/v2\/pages\/16745\/revisions"}],"predecessor-version":[{"id":16746,"href":"https:\/\/www.labc.de\/fr\/wp-json\/wp\/v2\/pages\/16745\/revisions\/16746"}],"up":[{"embeddable":true,"href":"https:\/\/www.labc.de\/fr\/wp-json\/wp\/v2\/pages\/1921"}],"wp:featuredmedia":[{"embeddable":true,"href":"https:\/\/www.labc.de\/fr\/wp-json\/wp\/v2\/media\/10897"}],"wp:attachment":[{"href":"https:\/\/www.labc.de\/fr\/wp-json\/wp\/v2\/media?parent=16745"}],"curies":[{"name":"wp","href":"https:\/\/api.w.org\/{rel}","templated":true}]}}